{"id":10182,"date":"2023-08-18T11:56:30","date_gmt":"2023-08-18T09:56:30","guid":{"rendered":"https:\/\/www.abusizz.ch\/?page_id=10182"},"modified":"2023-08-18T13:05:54","modified_gmt":"2023-08-18T11:05:54","slug":"disclaimer","status":"publish","type":"page","link":"https:\/\/www.abusizz.ch\/en\/haftungsausschluss\/","title":{"rendered":"Disclaimer"},"content":{"rendered":"<div data-elementor-type=\"wp-page\" data-elementor-id=\"10182\" class=\"elementor elementor-10182\" data-elementor-post-type=\"page\">\n\t\t\t\t<div class=\"elementor-element elementor-element-8b5b04d e-flex e-con-boxed e-con e-parent\" data-id=\"8b5b04d\" data-element_type=\"container\" data-e-type=\"container\">\n\t\t\t\t\t<div class=\"e-con-inner\">\n\t\t<div class=\"elementor-element elementor-element-1fabfc4 e-con-full e-flex e-con e-parent\" data-id=\"1fabfc4\" data-element_type=\"container\" data-e-type=\"container\">\n\t\t\t\t<div class=\"elementor-element elementor-element-72573fc elementor-widget elementor-widget-heading\" data-id=\"72573fc\" data-element_type=\"widget\" data-e-type=\"widget\" data-widget_type=\"heading.default\">\n\t\t\t\t<div class=\"elementor-widget-container\">\n\t\t\t\t\t<h1 class=\"elementor-heading-title elementor-size-default\">Disclaimer<\/h1>\t\t\t\t<\/div>\n\t\t\t\t<\/div>\n\t\t\t\t<div class=\"elementor-element elementor-element-9a2707e elementor-widget elementor-widget-text-editor\" data-id=\"9a2707e\" data-element_type=\"widget\" data-e-type=\"widget\" data-widget_type=\"text-editor.default\">\n\t\t\t\t<div class=\"elementor-widget-container\">\n\t\t\t\t\t\t\t\t\t<p>The author assumes no liability for the correctness, accuracy, timeliness, reliability and completeness of the information.<\/p><p><span style=\"color: var( --e-global-color-text ); font-family: var( --e-global-typography-text-font-family ), Sans-serif; font-size: var( --e-global-typography-text-font-size ); text-align: var(--text-align);\">Liability claims against the author for material or immaterial damage resulting from access to, use or non-use of the published information, misuse of the connection or technical faults are excluded.<\/span><\/p><p><span style=\"color: var( --e-global-color-text ); font-family: var( --e-global-typography-text-font-family ), Sans-serif; font-size: var( --e-global-typography-text-font-size ); text-align: var(--text-align);\">All offers are non-binding. The author expressly reserves the right to change, supplement or delete parts of the pages or the entire offer without prior notice or to discontinue publication temporarily or permanently.<\/span><\/p>\t\t\t\t\t\t\t\t<\/div>\n\t\t\t\t<\/div>\n\t\t\t\t<div class=\"elementor-element elementor-element-24e9df1 elementor-widget elementor-widget-heading\" data-id=\"24e9df1\" data-element_type=\"widget\" data-e-type=\"widget\" data-widget_type=\"heading.default\">\n\t\t\t\t<div class=\"elementor-widget-container\">\n\t\t\t\t\t<h2 class=\"elementor-heading-title elementor-size-default\">Disclaimer for Links<\/h2>\t\t\t\t<\/div>\n\t\t\t\t<\/div>\n\t\t\t\t<div class=\"elementor-element elementor-element-c9654c2 elementor-widget elementor-widget-text-editor\" data-id=\"c9654c2\" data-element_type=\"widget\" data-e-type=\"widget\" data-widget_type=\"text-editor.default\">\n\t\t\t\t<div class=\"elementor-widget-container\">\n\t\t\t\t\t\t\t\t\t<p><span style=\"color: var( --e-global-color-text ); font-family: var( --e-global-typography-text-font-family ), Sans-serif; font-size: var( --e-global-typography-text-font-size ); text-align: var(--text-align);\">References and links to third-party websites are outside our area of responsibility. It rejected any responsibility for such websites. Access to and use of such websites is at the user&#039;s own risk.<\/span><\/p>\t\t\t\t\t\t\t\t<\/div>\n\t\t\t\t<\/div>\n\t\t\t\t<div class=\"elementor-element elementor-element-9a3cfda elementor-widget elementor-widget-heading\" data-id=\"9a3cfda\" data-element_type=\"widget\" data-e-type=\"widget\" data-widget_type=\"heading.default\">\n\t\t\t\t<div class=\"elementor-widget-container\">\n\t\t\t\t\t<h2 class=\"elementor-heading-title elementor-size-default\">copyright<\/h2>\t\t\t\t<\/div>\n\t\t\t\t<\/div>\n\t\t\t\t<div class=\"elementor-element elementor-element-6add7a7 elementor-widget elementor-widget-text-editor\" data-id=\"6add7a7\" data-element_type=\"widget\" data-e-type=\"widget\" data-widget_type=\"text-editor.default\">\n\t\t\t\t<div class=\"elementor-widget-container\">\n\t\t\t\t\t\t\t\t\t<p><span style=\"color: var( --e-global-color-text ); font-family: var( --e-global-typography-text-font-family ), Sans-serif; font-size: var( --e-global-typography-text-font-size ); text-align: var(--text-align);\">The copyright and all other rights to content, images, photos or other files on this website belong exclusively to ABUSIZZ or the specifically named rights holders. The written permission of the copyright holder must be obtained in advance for the reproduction of any element.<\/span><\/p>\t\t\t\t\t\t\t\t<\/div>\n\t\t\t\t<\/div>\n\t\t\t\t<\/div>\n\t\t\t\t\t<\/div>\n\t\t\t\t<\/div>\n\t\t\t\t<\/div>","protected":false},"excerpt":{"rendered":"<p>Der Autor \u00fcbernimmt keinerlei Gew\u00e4hr hinsichtlich der inhaltlichen Richtigkeit, Genauigkeit, Aktualit\u00e4t, Zuverl\u00e4ssigkeit und Vollst\u00e4ndigkeit der Informationen. Haftungsanspr\u00fcche gegen den Autor wegen Sch\u00e4den materieller oder immaterieller Art, welche aus dem Zugriff oder der Nutzung bzw. Nichtnutzung der ver\u00f6ffentlichten Informationen, durch Missbrauch der Verbindung oder durch technische St\u00f6rungen entstanden sind, werden ausgeschlossen. Alle Angebote sind unverbindlich. Der [&hellip;]<\/p>\n","protected":false},"author":31,"featured_media":0,"parent":0,"menu_order":0,"comment_status":"closed","ping_status":"closed","template":"","meta":{"footnotes":""},"class_list":["post-10182","page","type-page","status-publish","hentry"],"yoast_head":"<!-- This site is optimized with the Yoast SEO plugin v27.2 - https:\/\/yoast.com\/product\/yoast-seo-wordpress\/ -->\n<title>Haftungsausschluss | ABUSIZZ - Lamp+<\/title>\n<meta name=\"robots\" content=\"index, follow, max-snippet:-1, max-image-preview:large, max-video-preview:-1\" \/>\n<link rel=\"canonical\" href=\"https:\/\/www.abusizz.ch\/en\/disclaimer\/\" \/>\n<meta property=\"og:locale\" content=\"en_GB\" \/>\n<meta property=\"og:type\" content=\"article\" \/>\n<meta property=\"og:title\" content=\"Haftungsausschluss | ABUSIZZ - Lamp+\" \/>\n<meta property=\"og:description\" content=\"Der Autor \u00fcbernimmt keinerlei Gew\u00e4hr hinsichtlich der inhaltlichen Richtigkeit, Genauigkeit, Aktualit\u00e4t, Zuverl\u00e4ssigkeit und Vollst\u00e4ndigkeit der Informationen. Haftungsanspr\u00fcche gegen den Autor wegen Sch\u00e4den materieller oder immaterieller Art, welche aus dem Zugriff oder der Nutzung bzw. Nichtnutzung der ver\u00f6ffentlichten Informationen, durch Missbrauch der Verbindung oder durch technische St\u00f6rungen entstanden sind, werden ausgeschlossen. Alle Angebote sind unverbindlich. Der [&hellip;]\" \/>\n<meta property=\"og:url\" content=\"https:\/\/www.abusizz.ch\/en\/disclaimer\/\" \/>\n<meta property=\"og:site_name\" content=\"ABUSIZZ - Lamp+\" \/>\n<meta property=\"article:modified_time\" content=\"2023-08-18T11:05:54+00:00\" \/>\n<meta property=\"og:image\" content=\"https:\/\/www.abusizz.ch\/wp-content\/uploads\/2019\/07\/Icon-schwarz.png\" \/>\n\t<meta property=\"og:image:width\" content=\"1269\" \/>\n\t<meta property=\"og:image:height\" content=\"1522\" \/>\n\t<meta property=\"og:image:type\" content=\"image\/png\" \/>\n<meta name=\"twitter:card\" content=\"summary_large_image\" \/>\n<meta name=\"twitter:label1\" content=\"Estimated reading time\" \/>\n\t<meta name=\"twitter:data1\" content=\"1 minute\" \/>\n<script type=\"application\/ld+json\" class=\"yoast-schema-graph\">{\"@context\":\"https:\/\/schema.org\",\"@graph\":[{\"@type\":\"WebPage\",\"@id\":\"https:\/\/www.abusizz.ch\/haftungsausschluss\/\",\"url\":\"https:\/\/www.abusizz.ch\/haftungsausschluss\/\",\"name\":\"Haftungsausschluss | ABUSIZZ - Lamp+\",\"isPartOf\":{\"@id\":\"https:\/\/www.abusizz.ch\/#website\"},\"datePublished\":\"2023-08-18T09:56:30+00:00\",\"dateModified\":\"2023-08-18T11:05:54+00:00\",\"breadcrumb\":{\"@id\":\"https:\/\/www.abusizz.ch\/haftungsausschluss\/#breadcrumb\"},\"inLanguage\":\"en-GB\",\"potentialAction\":[{\"@type\":\"ReadAction\",\"target\":[\"https:\/\/www.abusizz.ch\/haftungsausschluss\/\"]}]},{\"@type\":\"BreadcrumbList\",\"@id\":\"https:\/\/www.abusizz.ch\/haftungsausschluss\/#breadcrumb\",\"itemListElement\":[{\"@type\":\"ListItem\",\"position\":1,\"name\":\"Home\",\"item\":\"https:\/\/www.abusizz.ch\/\"},{\"@type\":\"ListItem\",\"position\":2,\"name\":\"Haftungsausschluss\"}]},{\"@type\":\"WebSite\",\"@id\":\"https:\/\/www.abusizz.ch\/#website\",\"url\":\"https:\/\/www.abusizz.ch\/\",\"name\":\"ABUSIZZ - Lamp+\",\"description\":\"L\u00f6sungen f\u00fcr face to face Meetings\",\"publisher\":{\"@id\":\"https:\/\/www.abusizz.ch\/#organization\"},\"potentialAction\":[{\"@type\":\"SearchAction\",\"target\":{\"@type\":\"EntryPoint\",\"urlTemplate\":\"https:\/\/www.abusizz.ch\/?s={search_term_string}\"},\"query-input\":{\"@type\":\"PropertyValueSpecification\",\"valueRequired\":true,\"valueName\":\"search_term_string\"}}],\"inLanguage\":\"en-GB\"},{\"@type\":\"Organization\",\"@id\":\"https:\/\/www.abusizz.ch\/#organization\",\"name\":\"ABUSIZZ AG\",\"url\":\"https:\/\/www.abusizz.ch\/\",\"logo\":{\"@type\":\"ImageObject\",\"inLanguage\":\"en-GB\",\"@id\":\"https:\/\/www.abusizz.ch\/#\/schema\/logo\/image\/\",\"url\":\"https:\/\/www.abusizz.ch\/wp-content\/uploads\/2019\/07\/Schriftzug.png\",\"contentUrl\":\"https:\/\/www.abusizz.ch\/wp-content\/uploads\/2019\/07\/Schriftzug.png\",\"width\":288,\"height\":78,\"caption\":\"ABUSIZZ AG\"},\"image\":{\"@id\":\"https:\/\/www.abusizz.ch\/#\/schema\/logo\/image\/\"}}]}<\/script>\n<!-- \/ Yoast SEO plugin. -->","yoast_head_json":{"title":"Disclaimer | ABUSIZZ-Lamp+","robots":{"index":"index","follow":"follow","max-snippet":"max-snippet:-1","max-image-preview":"max-image-preview:large","max-video-preview":"max-video-preview:-1"},"canonical":"https:\/\/www.abusizz.ch\/en\/disclaimer\/","og_locale":"en_GB","og_type":"article","og_title":"Haftungsausschluss | ABUSIZZ - Lamp+","og_description":"Der Autor \u00fcbernimmt keinerlei Gew\u00e4hr hinsichtlich der inhaltlichen Richtigkeit, Genauigkeit, Aktualit\u00e4t, Zuverl\u00e4ssigkeit und Vollst\u00e4ndigkeit der Informationen. Haftungsanspr\u00fcche gegen den Autor wegen Sch\u00e4den materieller oder immaterieller Art, welche aus dem Zugriff oder der Nutzung bzw. Nichtnutzung der ver\u00f6ffentlichten Informationen, durch Missbrauch der Verbindung oder durch technische St\u00f6rungen entstanden sind, werden ausgeschlossen. Alle Angebote sind unverbindlich. Der [&hellip;]","og_url":"https:\/\/www.abusizz.ch\/en\/disclaimer\/","og_site_name":"ABUSIZZ - Lamp+","article_modified_time":"2023-08-18T11:05:54+00:00","og_image":[{"width":1269,"height":1522,"url":"https:\/\/www.abusizz.ch\/wp-content\/uploads\/2019\/07\/Icon-schwarz.png","type":"image\/png"}],"twitter_card":"summary_large_image","twitter_misc":{"Estimated reading time":"1 minute"},"schema":{"@context":"https:\/\/schema.org","@graph":[{"@type":"WebPage","@id":"https:\/\/www.abusizz.ch\/haftungsausschluss\/","url":"https:\/\/www.abusizz.ch\/haftungsausschluss\/","name":"Disclaimer | ABUSIZZ-Lamp+","isPartOf":{"@id":"https:\/\/www.abusizz.ch\/#website"},"datePublished":"2023-08-18T09:56:30+00:00","dateModified":"2023-08-18T11:05:54+00:00","breadcrumb":{"@id":"https:\/\/www.abusizz.ch\/haftungsausschluss\/#breadcrumb"},"inLanguage":"en-GB","potentialAction":[{"@type":"ReadAction","target":["https:\/\/www.abusizz.ch\/haftungsausschluss\/"]}]},{"@type":"BreadcrumbList","@id":"https:\/\/www.abusizz.ch\/haftungsausschluss\/#breadcrumb","itemListElement":[{"@type":"ListItem","position":1,"name":"Home","item":"https:\/\/www.abusizz.ch\/"},{"@type":"ListItem","position":2,"name":"Haftungsausschluss"}]},{"@type":"WebSite","@id":"https:\/\/www.abusizz.ch\/#website","url":"https:\/\/www.abusizz.ch\/","name":"ABUSIZZ-Lamp+","description":"Solutions for face to face meetings","publisher":{"@id":"https:\/\/www.abusizz.ch\/#organization"},"potentialAction":[{"@type":"SearchAction","target":{"@type":"EntryPoint","urlTemplate":"https:\/\/www.abusizz.ch\/?s={search_term_string}"},"query-input":{"@type":"PropertyValueSpecification","valueRequired":true,"valueName":"search_term_string"}}],"inLanguage":"en-GB"},{"@type":"Organization","@id":"https:\/\/www.abusizz.ch\/#organization","name":"ABUSIZZ AG","url":"https:\/\/www.abusizz.ch\/","logo":{"@type":"ImageObject","inLanguage":"en-GB","@id":"https:\/\/www.abusizz.ch\/#\/schema\/logo\/image\/","url":"https:\/\/www.abusizz.ch\/wp-content\/uploads\/2019\/07\/Schriftzug.png","contentUrl":"https:\/\/www.abusizz.ch\/wp-content\/uploads\/2019\/07\/Schriftzug.png","width":288,"height":78,"caption":"ABUSIZZ AG"},"image":{"@id":"https:\/\/www.abusizz.ch\/#\/schema\/logo\/image\/"}}]}},"_links":{"self":[{"href":"https:\/\/www.abusizz.ch\/en\/wp-json\/wp\/v2\/pages\/10182","targetHints":{"allow":["GET"]}}],"collection":[{"href":"https:\/\/www.abusizz.ch\/en\/wp-json\/wp\/v2\/pages"}],"about":[{"href":"https:\/\/www.abusizz.ch\/en\/wp-json\/wp\/v2\/types\/page"}],"author":[{"embeddable":true,"href":"https:\/\/www.abusizz.ch\/en\/wp-json\/wp\/v2\/users\/31"}],"replies":[{"embeddable":true,"href":"https:\/\/www.abusizz.ch\/en\/wp-json\/wp\/v2\/comments?post=10182"}],"version-history":[{"count":10,"href":"https:\/\/www.abusizz.ch\/en\/wp-json\/wp\/v2\/pages\/10182\/revisions"}],"predecessor-version":[{"id":10241,"href":"https:\/\/www.abusizz.ch\/en\/wp-json\/wp\/v2\/pages\/10182\/revisions\/10241"}],"wp:attachment":[{"href":"https:\/\/www.abusizz.ch\/en\/wp-json\/wp\/v2\/media?parent=10182"}],"curies":[{"name":"wp","href":"https:\/\/api.w.org\/{rel}","templated":true}]}}