{"id":10242,"date":"2023-08-18T13:11:40","date_gmt":"2023-08-18T11:11:40","guid":{"rendered":"https:\/\/www.abusizz.ch\/?page_id=10242"},"modified":"2023-12-06T08:20:29","modified_gmt":"2023-12-06T07:20:29","slug":"delivery-return","status":"publish","type":"page","link":"https:\/\/www.abusizz.ch\/en\/lieferung-rueckgabe\/","title":{"rendered":"Delivery"},"content":{"rendered":"<div data-elementor-type=\"wp-page\" data-elementor-id=\"10242\" class=\"elementor elementor-10242\" data-elementor-post-type=\"page\">\n\t\t\t\t<div class=\"elementor-element elementor-element-c6fb1fa e-flex e-con-boxed e-con e-parent\" data-id=\"c6fb1fa\" data-element_type=\"container\" data-e-type=\"container\">\n\t\t\t\t\t<div class=\"e-con-inner\">\n\t\t<div class=\"elementor-element elementor-element-6bce633 e-con-full e-flex e-con e-child\" data-id=\"6bce633\" data-element_type=\"container\" data-e-type=\"container\">\n\t\t\t\t<div class=\"elementor-element elementor-element-fe14715 elementor-widget elementor-widget-heading\" data-id=\"fe14715\" data-element_type=\"widget\" data-e-type=\"widget\" data-widget_type=\"heading.default\">\n\t\t\t\t<div class=\"elementor-widget-container\">\n\t\t\t\t\t<h1 class=\"elementor-heading-title elementor-size-default\">Delivery<\/h1>\t\t\t\t<\/div>\n\t\t\t\t<\/div>\n\t\t\t\t<div class=\"elementor-element elementor-element-7d56d8e elementor-widget elementor-widget-heading\" data-id=\"7d56d8e\" data-element_type=\"widget\" data-e-type=\"widget\" data-widget_type=\"heading.default\">\n\t\t\t\t<div class=\"elementor-widget-container\">\n\t\t\t\t\t<h2 class=\"elementor-heading-title elementor-size-default\">Delivery without shipping costs throughout Switzerland<\/h2>\t\t\t\t<\/div>\n\t\t\t\t<\/div>\n\t\t\t\t<div class=\"elementor-element elementor-element-6e12cdf elementor-widget elementor-widget-text-editor\" data-id=\"6e12cdf\" data-element_type=\"widget\" data-e-type=\"widget\" data-widget_type=\"text-editor.default\">\n\t\t\t\t<div class=\"elementor-widget-container\">\n\t\t\t\t\t\t\t\t\t<p>We generally send your orders to addresses in Switzerland and Liechtenstein free of charge. We use Swiss Post and the transport company Planzer to ship our products from our own warehouse. In the case of direct deliveries from suppliers or dealer partners, other service providers can also be used.<\/p>\t\t\t\t\t\t\t\t<\/div>\n\t\t\t\t<\/div>\n\t\t\t\t<div class=\"elementor-element elementor-element-57d2758 elementor-widget elementor-widget-heading\" data-id=\"57d2758\" data-element_type=\"widget\" data-e-type=\"widget\" data-widget_type=\"heading.default\">\n\t\t\t\t<div class=\"elementor-widget-container\">\n\t\t\t\t\t<h2 class=\"elementor-heading-title elementor-size-default\">Large pallets and general cargo from a weight of 30 kg<\/h2>\t\t\t\t<\/div>\n\t\t\t\t<\/div>\n\t\t\t\t<div class=\"elementor-element elementor-element-a8071d2 elementor-widget elementor-widget-text-editor\" data-id=\"a8071d2\" data-element_type=\"widget\" data-e-type=\"widget\" data-widget_type=\"text-editor.default\">\n\t\t\t\t<div class=\"elementor-widget-container\">\n\t\t\t\t\t\t\t\t\t<p>Products that are particularly heavy are delivered on pallets using a freight forwarding company. Before delivery, the delivery company will contact you by phone to arrange a suitable appointment. If you cannot be reached by phone, you will be asked by email to contact us. If the destination cannot be reached directly, our transport partner will bring the pallets to the nearest access point (walkway).\u00a0<br \/>Additional services such as deliveries to higher floors are subject to charges (more information below). Exceptions are noted directly in the product information.<\/p>\t\t\t\t\t\t\t\t<\/div>\n\t\t\t\t<\/div>\n\t\t\t\t<div class=\"elementor-element elementor-element-4072177 elementor-widget elementor-widget-heading\" data-id=\"4072177\" data-element_type=\"widget\" data-e-type=\"widget\" data-widget_type=\"heading.default\">\n\t\t\t\t<div class=\"elementor-widget-container\">\n\t\t\t\t\t<h2 class=\"elementor-heading-title elementor-size-default\">Additional service installation or assembly<\/h2>\t\t\t\t<\/div>\n\t\t\t\t<\/div>\n\t\t\t\t<div class=\"elementor-element elementor-element-b61098b elementor-widget elementor-widget-text-editor\" data-id=\"b61098b\" data-element_type=\"widget\" data-e-type=\"widget\" data-widget_type=\"text-editor.default\">\n\t\t\t\t<div class=\"elementor-widget-container\">\n\t\t\t\t\t\t\t\t\t<p>Do you need help setting up your new ABUSIZZ product? Thanks to our network of service partners, we can offer a variety of services throughout Switzerland. These supplementary services are provided by various partner companies. The costs vary depending on the type of service and the selected service partner. Information on whether a product can be purchased with partner services can be found on the product detail page of our online store. Of course you can also contact us directly for a corresponding planning and offer.\u00a0<\/p>\t\t\t\t\t\t\t\t<\/div>\n\t\t\t\t<\/div>\n\t\t\t\t<div class=\"elementor-element elementor-element-11ec7fb elementor-widget elementor-widget-heading\" data-id=\"11ec7fb\" data-element_type=\"widget\" data-e-type=\"widget\" data-widget_type=\"heading.default\">\n\t\t\t\t<div class=\"elementor-widget-container\">\n\t\t\t\t\t<h2 class=\"elementor-heading-title elementor-size-default\">Delivery abroad<\/h2>\t\t\t\t<\/div>\n\t\t\t\t<\/div>\n\t\t\t\t<div class=\"elementor-element elementor-element-fb42163 elementor-widget elementor-widget-text-editor\" data-id=\"fb42163\" data-element_type=\"widget\" data-e-type=\"widget\" data-widget_type=\"text-editor.default\">\n\t\t\t\t<div class=\"elementor-widget-container\">\n\t\t\t\t\t\t\t\t\t<p>We also deliver abroad.\u00a0<span style=\"color: var( --e-global-color-07fbdcd ); font-family: var( --e-global-typography-text-font-family ), Sans-serif; font-size: var( --e-global-typography-text-font-size ); text-align: var(--text-align);\">Please contact our customer service for a corresponding planning and offer.\u00a0<\/span><\/p>\t\t\t\t\t\t\t\t<\/div>\n\t\t\t\t<\/div>\n\t\t\t\t<div class=\"elementor-element elementor-element-6330306 elementor-widget elementor-widget-heading\" data-id=\"6330306\" data-element_type=\"widget\" data-e-type=\"widget\" data-widget_type=\"heading.default\">\n\t\t\t\t<div class=\"elementor-widget-container\">\n\t\t\t\t\t<h2 class=\"elementor-heading-title elementor-size-default\">transport damage<\/h2>\t\t\t\t<\/div>\n\t\t\t\t<\/div>\n\t\t\t\t<div class=\"elementor-element elementor-element-b58e761 elementor-widget elementor-widget-text-editor\" data-id=\"b58e761\" data-element_type=\"widget\" data-e-type=\"widget\" data-widget_type=\"text-editor.default\">\n\t\t\t\t<div class=\"elementor-widget-container\">\n\t\t\t\t\t\t\t\t\t<p>Please check the package and packaging carefully upon receipt and report any damage to us immediately. Record everything with pictures or video so that we can help you quickly and easily.\u00a0<\/p>\t\t\t\t\t\t\t\t<\/div>\n\t\t\t\t<\/div>\n\t\t\t\t<\/div>\n\t\t\t\t\t<\/div>\n\t\t\t\t<\/div>\n\t\t\t\t<\/div>","protected":false},"excerpt":{"rendered":"<p>Lieferung ohne Versandkosten in die ganze Schweiz Deine Bestellungen versenden wir grunds\u00e4tzlich kostenlos an Adressen in der Schweiz und in Liechtenstein. Wir verwenden die Schweizerische Post und das Transportunternehmen Planzer f\u00fcr den Versand unserer Produkte ab eigenem Lager. Bei Direktlieferungen von Lieferanten oder H\u00e4ndlerpartnern k\u00f6nnen auch andere Dienstleister zum Einsatz kommen. Grosse Paletten und St\u00fcckgut [&hellip;]<\/p>\n","protected":false},"author":31,"featured_media":0,"parent":0,"menu_order":0,"comment_status":"closed","ping_status":"closed","template":"","meta":{"footnotes":""},"class_list":["post-10242","page","type-page","status-publish","hentry"],"yoast_head":"<!-- This site is optimized with the Yoast SEO plugin v27.2 - https:\/\/yoast.com\/product\/yoast-seo-wordpress\/ -->\n<title>Lieferung | ABUSIZZ - Lamp+<\/title>\n<meta name=\"robots\" content=\"index, follow, max-snippet:-1, max-image-preview:large, max-video-preview:-1\" \/>\n<link rel=\"canonical\" href=\"https:\/\/www.abusizz.ch\/en\/delivery-return\/\" \/>\n<meta property=\"og:locale\" content=\"en_GB\" \/>\n<meta property=\"og:type\" content=\"article\" \/>\n<meta property=\"og:title\" content=\"Lieferung | ABUSIZZ - Lamp+\" \/>\n<meta property=\"og:description\" content=\"Lieferung ohne Versandkosten in die ganze Schweiz Deine Bestellungen versenden wir grunds\u00e4tzlich kostenlos an Adressen in der Schweiz und in Liechtenstein. Wir verwenden die Schweizerische Post und das Transportunternehmen Planzer f\u00fcr den Versand unserer Produkte ab eigenem Lager. Bei Direktlieferungen von Lieferanten oder H\u00e4ndlerpartnern k\u00f6nnen auch andere Dienstleister zum Einsatz kommen. Grosse Paletten und St\u00fcckgut [&hellip;]\" \/>\n<meta property=\"og:url\" content=\"https:\/\/www.abusizz.ch\/en\/delivery-return\/\" \/>\n<meta property=\"og:site_name\" content=\"ABUSIZZ - Lamp+\" \/>\n<meta property=\"article:modified_time\" content=\"2023-12-06T07:20:29+00:00\" \/>\n<meta property=\"og:image\" content=\"https:\/\/www.abusizz.ch\/wp-content\/uploads\/2019\/07\/Icon-schwarz.png\" \/>\n\t<meta property=\"og:image:width\" content=\"1269\" \/>\n\t<meta property=\"og:image:height\" content=\"1522\" \/>\n\t<meta property=\"og:image:type\" content=\"image\/png\" \/>\n<meta name=\"twitter:card\" content=\"summary_large_image\" \/>\n<meta name=\"twitter:label1\" content=\"Estimated reading time\" \/>\n\t<meta name=\"twitter:data1\" content=\"2 minutes\" \/>\n<script type=\"application\/ld+json\" class=\"yoast-schema-graph\">{\"@context\":\"https:\/\/schema.org\",\"@graph\":[{\"@type\":\"WebPage\",\"@id\":\"https:\/\/www.abusizz.ch\/lieferung-rueckgabe\/\",\"url\":\"https:\/\/www.abusizz.ch\/lieferung-rueckgabe\/\",\"name\":\"Lieferung | ABUSIZZ - Lamp+\",\"isPartOf\":{\"@id\":\"https:\/\/www.abusizz.ch\/#website\"},\"datePublished\":\"2023-08-18T11:11:40+00:00\",\"dateModified\":\"2023-12-06T07:20:29+00:00\",\"breadcrumb\":{\"@id\":\"https:\/\/www.abusizz.ch\/lieferung-rueckgabe\/#breadcrumb\"},\"inLanguage\":\"en-GB\",\"potentialAction\":[{\"@type\":\"ReadAction\",\"target\":[\"https:\/\/www.abusizz.ch\/lieferung-rueckgabe\/\"]}]},{\"@type\":\"BreadcrumbList\",\"@id\":\"https:\/\/www.abusizz.ch\/lieferung-rueckgabe\/#breadcrumb\",\"itemListElement\":[{\"@type\":\"ListItem\",\"position\":1,\"name\":\"Home\",\"item\":\"https:\/\/www.abusizz.ch\/\"},{\"@type\":\"ListItem\",\"position\":2,\"name\":\"Lieferung\"}]},{\"@type\":\"WebSite\",\"@id\":\"https:\/\/www.abusizz.ch\/#website\",\"url\":\"https:\/\/www.abusizz.ch\/\",\"name\":\"ABUSIZZ - Lamp+\",\"description\":\"L\u00f6sungen f\u00fcr face to face Meetings\",\"publisher\":{\"@id\":\"https:\/\/www.abusizz.ch\/#organization\"},\"potentialAction\":[{\"@type\":\"SearchAction\",\"target\":{\"@type\":\"EntryPoint\",\"urlTemplate\":\"https:\/\/www.abusizz.ch\/?s={search_term_string}\"},\"query-input\":{\"@type\":\"PropertyValueSpecification\",\"valueRequired\":true,\"valueName\":\"search_term_string\"}}],\"inLanguage\":\"en-GB\"},{\"@type\":\"Organization\",\"@id\":\"https:\/\/www.abusizz.ch\/#organization\",\"name\":\"ABUSIZZ AG\",\"url\":\"https:\/\/www.abusizz.ch\/\",\"logo\":{\"@type\":\"ImageObject\",\"inLanguage\":\"en-GB\",\"@id\":\"https:\/\/www.abusizz.ch\/#\/schema\/logo\/image\/\",\"url\":\"https:\/\/www.abusizz.ch\/wp-content\/uploads\/2019\/07\/Schriftzug.png\",\"contentUrl\":\"https:\/\/www.abusizz.ch\/wp-content\/uploads\/2019\/07\/Schriftzug.png\",\"width\":288,\"height\":78,\"caption\":\"ABUSIZZ AG\"},\"image\":{\"@id\":\"https:\/\/www.abusizz.ch\/#\/schema\/logo\/image\/\"}}]}<\/script>\n<!-- \/ Yoast SEO plugin. -->","yoast_head_json":{"title":"Delivery | ABUSIZZ - Lamp+","robots":{"index":"index","follow":"follow","max-snippet":"max-snippet:-1","max-image-preview":"max-image-preview:large","max-video-preview":"max-video-preview:-1"},"canonical":"https:\/\/www.abusizz.ch\/en\/delivery-return\/","og_locale":"en_GB","og_type":"article","og_title":"Lieferung | ABUSIZZ - Lamp+","og_description":"Lieferung ohne Versandkosten in die ganze Schweiz Deine Bestellungen versenden wir grunds\u00e4tzlich kostenlos an Adressen in der Schweiz und in Liechtenstein. Wir verwenden die Schweizerische Post und das Transportunternehmen Planzer f\u00fcr den Versand unserer Produkte ab eigenem Lager. Bei Direktlieferungen von Lieferanten oder H\u00e4ndlerpartnern k\u00f6nnen auch andere Dienstleister zum Einsatz kommen. Grosse Paletten und St\u00fcckgut [&hellip;]","og_url":"https:\/\/www.abusizz.ch\/en\/delivery-return\/","og_site_name":"ABUSIZZ - Lamp+","article_modified_time":"2023-12-06T07:20:29+00:00","og_image":[{"width":1269,"height":1522,"url":"https:\/\/www.abusizz.ch\/wp-content\/uploads\/2019\/07\/Icon-schwarz.png","type":"image\/png"}],"twitter_card":"summary_large_image","twitter_misc":{"Estimated reading time":"2 minutes"},"schema":{"@context":"https:\/\/schema.org","@graph":[{"@type":"WebPage","@id":"https:\/\/www.abusizz.ch\/lieferung-rueckgabe\/","url":"https:\/\/www.abusizz.ch\/lieferung-rueckgabe\/","name":"Delivery | ABUSIZZ - Lamp+","isPartOf":{"@id":"https:\/\/www.abusizz.ch\/#website"},"datePublished":"2023-08-18T11:11:40+00:00","dateModified":"2023-12-06T07:20:29+00:00","breadcrumb":{"@id":"https:\/\/www.abusizz.ch\/lieferung-rueckgabe\/#breadcrumb"},"inLanguage":"en-GB","potentialAction":[{"@type":"ReadAction","target":["https:\/\/www.abusizz.ch\/lieferung-rueckgabe\/"]}]},{"@type":"BreadcrumbList","@id":"https:\/\/www.abusizz.ch\/lieferung-rueckgabe\/#breadcrumb","itemListElement":[{"@type":"ListItem","position":1,"name":"Home","item":"https:\/\/www.abusizz.ch\/"},{"@type":"ListItem","position":2,"name":"Lieferung"}]},{"@type":"WebSite","@id":"https:\/\/www.abusizz.ch\/#website","url":"https:\/\/www.abusizz.ch\/","name":"ABUSIZZ-Lamp+","description":"Solutions for face to face meetings","publisher":{"@id":"https:\/\/www.abusizz.ch\/#organization"},"potentialAction":[{"@type":"SearchAction","target":{"@type":"EntryPoint","urlTemplate":"https:\/\/www.abusizz.ch\/?s={search_term_string}"},"query-input":{"@type":"PropertyValueSpecification","valueRequired":true,"valueName":"search_term_string"}}],"inLanguage":"en-GB"},{"@type":"Organization","@id":"https:\/\/www.abusizz.ch\/#organization","name":"ABUSIZZ AG","url":"https:\/\/www.abusizz.ch\/","logo":{"@type":"ImageObject","inLanguage":"en-GB","@id":"https:\/\/www.abusizz.ch\/#\/schema\/logo\/image\/","url":"https:\/\/www.abusizz.ch\/wp-content\/uploads\/2019\/07\/Schriftzug.png","contentUrl":"https:\/\/www.abusizz.ch\/wp-content\/uploads\/2019\/07\/Schriftzug.png","width":288,"height":78,"caption":"ABUSIZZ AG"},"image":{"@id":"https:\/\/www.abusizz.ch\/#\/schema\/logo\/image\/"}}]}},"_links":{"self":[{"href":"https:\/\/www.abusizz.ch\/en\/wp-json\/wp\/v2\/pages\/10242","targetHints":{"allow":["GET"]}}],"collection":[{"href":"https:\/\/www.abusizz.ch\/en\/wp-json\/wp\/v2\/pages"}],"about":[{"href":"https:\/\/www.abusizz.ch\/en\/wp-json\/wp\/v2\/types\/page"}],"author":[{"embeddable":true,"href":"https:\/\/www.abusizz.ch\/en\/wp-json\/wp\/v2\/users\/31"}],"replies":[{"embeddable":true,"href":"https:\/\/www.abusizz.ch\/en\/wp-json\/wp\/v2\/comments?post=10242"}],"version-history":[{"count":10,"href":"https:\/\/www.abusizz.ch\/en\/wp-json\/wp\/v2\/pages\/10242\/revisions"}],"predecessor-version":[{"id":11246,"href":"https:\/\/www.abusizz.ch\/en\/wp-json\/wp\/v2\/pages\/10242\/revisions\/11246"}],"wp:attachment":[{"href":"https:\/\/www.abusizz.ch\/en\/wp-json\/wp\/v2\/media?parent=10242"}],"curies":[{"name":"wp","href":"https:\/\/api.w.org\/{rel}","templated":true}]}}