{"id":10748,"date":"2023-09-01T13:48:51","date_gmt":"2023-09-01T11:48:51","guid":{"rendered":"https:\/\/www.abusizz.ch\/?page_id=10748"},"modified":"2023-09-27T11:32:07","modified_gmt":"2023-09-27T09:32:07","slug":"what-can-lamp-do","status":"publish","type":"page","link":"https:\/\/www.abusizz.ch\/en\/was-kann-lamp\/","title":{"rendered":"What can Lamp+ do?"},"content":{"rendered":"\t\t<div data-elementor-type=\"wp-page\" data-elementor-id=\"10748\" class=\"elementor elementor-10748\" data-elementor-post-type=\"page\">\n\t\t\t\t<div class=\"elementor-element elementor-element-f4b0948 e-flex e-con-boxed e-con e-parent\" data-id=\"f4b0948\" data-element_type=\"container\" data-e-type=\"container\">\n\t\t\t\t\t<div class=\"e-con-inner\">\n\t\t\t\t<div class=\"elementor-element elementor-element-07b14bf elementor-widget elementor-widget-video\" data-id=\"07b14bf\" data-element_type=\"widget\" data-e-type=\"widget\" data-settings=\"{&quot;video_type&quot;:&quot;hosted&quot;,&quot;controls&quot;:&quot;yes&quot;}\" data-widget_type=\"video.default\">\n\t\t\t\t<div class=\"elementor-widget-container\">\n\t\t\t\t\t\t\t<div class=\"e-hosted-video elementor-wrapper elementor-open-inline\">\n\t\t\t\t\t<video class=\"elementor-video\" src=\"https:\/\/www.abusizz.ch\/wp-content\/uploads\/2023\/08\/Loop.mp4\" controls=\"\" preload=\"metadata\" controlsList=\"nodownload\"><\/video>\n\t\t\t\t<\/div>\n\t\t\t\t\t\t<\/div>\n\t\t\t\t<\/div>\n\t\t\t\t<div class=\"elementor-element elementor-element-9580798 elementor-align-center elementor-widget elementor-widget-button\" data-id=\"9580798\" data-element_type=\"widget\" data-e-type=\"widget\" data-widget_type=\"button.default\">\n\t\t\t\t<div class=\"elementor-widget-container\">\n\t\t\t\t\t\t\t\t\t<div class=\"elementor-button-wrapper\">\n\t\t\t\t\t<a class=\"elementor-button elementor-button-link elementor-size-sm\" href=\"https:\/\/www.abusizz.ch\/meeting-loesung\/\">\n\t\t\t\t\t\t<span class=\"elementor-button-content-wrapper\">\n\t\t\t\t\t\t\t\t\t<span class=\"elementor-button-text\">Unsere L\u00f6sungen<\/span>\n\t\t\t\t\t<\/span>\n\t\t\t\t\t<\/a>\n\t\t\t\t<\/div>\n\t\t\t\t\t\t\t\t<\/div>\n\t\t\t\t<\/div>\n\t\t\t\t\t<\/div>\n\t\t\t\t<\/div>\n\t\t\t\t<section class=\"elementor-section elementor-top-section elementor-element elementor-element-638dd5f elementor-section-boxed elementor-section-height-default elementor-section-height-default\" data-id=\"638dd5f\" data-element_type=\"section\" data-e-type=\"section\">\n\t\t\t\t\t\t<div class=\"elementor-container elementor-column-gap-no\">\n\t\t\t\t\t<div class=\"elementor-column elementor-col-100 elementor-top-column elementor-element elementor-element-2035373\" data-id=\"2035373\" data-element_type=\"column\" data-e-type=\"column\">\n\t\t\t<div class=\"elementor-widget-wrap elementor-element-populated\">\n\t\t\t\t\t\t<div class=\"elementor-element elementor-element-05cc9e0 elementor-grid-3 elementor-grid-tablet-2 elementor-grid-mobile-1 elementor-widget elementor-widget-loop-grid\" data-id=\"05cc9e0\" data-element_type=\"widget\" data-e-type=\"widget\" data-settings=\"{&quot;template_id&quot;:&quot;9898&quot;,&quot;row_gap&quot;:{&quot;unit&quot;:&quot;px&quot;,&quot;size&quot;:40,&quot;sizes&quot;:[]},&quot;columns&quot;:3,&quot;_skin&quot;:&quot;post&quot;,&quot;columns_tablet&quot;:&quot;2&quot;,&quot;columns_mobile&quot;:&quot;1&quot;,&quot;edit_handle_selector&quot;:&quot;[data-elementor-type=\\&quot;loop-item\\&quot;]&quot;,&quot;row_gap_tablet&quot;:{&quot;unit&quot;:&quot;px&quot;,&quot;size&quot;:&quot;&quot;,&quot;sizes&quot;:[]},&quot;row_gap_mobile&quot;:{&quot;unit&quot;:&quot;px&quot;,&quot;size&quot;:&quot;&quot;,&quot;sizes&quot;:[]}}\" data-widget_type=\"loop-grid.post\">\n\t\t\t\t<div class=\"elementor-widget-container\">\n\t\t\t\t\t\t\t<div class=\"elementor-loop-container elementor-grid\" role=\"list\">\n\t\t<style id=\"loop-9898\">.elementor-9898 .elementor-element.elementor-element-4d3d0b7{--display:flex;--gap:15px 15px;--row-gap:15px;--column-gap:15px;--margin-top:0px;--margin-bottom:0px;--margin-left:0px;--margin-right:0px;--padding-top:0px;--padding-bottom:0px;--padding-left:0px;--padding-right:0px;}.elementor-widget-theme-post-featured-image .widget-image-caption{color:var( --e-global-color-text );font-family:var( --e-global-typography-text-font-family ), Sans-serif;font-size:var( --e-global-typography-text-font-size );}.elementor-9898 .elementor-element.elementor-element-db7c57e img{border-radius:25px 25px 25px 25px;}.elementor-9898 .elementor-element.elementor-element-db7c57e > .elementor-widget-container{margin:0px 0px 0px 0px;padding:0px 0px 0px 0px;}.elementor-widget-theme-post-title .elementor-heading-title{font-family:var( --e-global-typography-primary-font-family ), Sans-serif;font-size:var( --e-global-typography-primary-font-size );font-weight:var( --e-global-typography-primary-font-weight );line-height:var( --e-global-typography-primary-line-height );color:var( --e-global-color-primary );}.elementor-9898 .elementor-element.elementor-element-87dd3f1 .elementor-heading-title{font-family:var( --e-global-typography-7f0e544-font-family ), Sans-serif;font-size:var( --e-global-typography-7f0e544-font-size );font-weight:var( --e-global-typography-7f0e544-font-weight );line-height:var( --e-global-typography-7f0e544-line-height );letter-spacing:var( --e-global-typography-7f0e544-letter-spacing );word-spacing:var( --e-global-typography-7f0e544-word-spacing );}.elementor-widget-theme-post-excerpt .elementor-widget-container{font-family:var( --e-global-typography-text-font-family ), Sans-serif;font-size:var( --e-global-typography-text-font-size );color:var( --e-global-color-text );}.elementor-widget-heading .elementor-heading-title{font-family:var( --e-global-typography-primary-font-family ), Sans-serif;font-size:var( --e-global-typography-primary-font-size );font-weight:var( --e-global-typography-primary-font-weight );line-height:var( --e-global-typography-primary-line-height );color:var( --e-global-color-primary );}.elementor-9898 .elementor-element.elementor-element-f77d9dd .elementor-heading-title{font-family:var( --e-global-typography-7f0e544-font-family ), Sans-serif;font-size:var( --e-global-typography-7f0e544-font-size );font-weight:var( --e-global-typography-7f0e544-font-weight );line-height:var( --e-global-typography-7f0e544-line-height );letter-spacing:var( --e-global-typography-7f0e544-letter-spacing );word-spacing:var( --e-global-typography-7f0e544-word-spacing );color:var( --e-global-color-7fc6bc6 );}@media(max-width:1024px){.elementor-widget-theme-post-featured-image .widget-image-caption{font-size:var( --e-global-typography-text-font-size );}.elementor-widget-theme-post-title .elementor-heading-title{font-size:var( --e-global-typography-primary-font-size );line-height:var( --e-global-typography-primary-line-height );}.elementor-9898 .elementor-element.elementor-element-87dd3f1 .elementor-heading-title{font-size:var( --e-global-typography-7f0e544-font-size );line-height:var( --e-global-typography-7f0e544-line-height );letter-spacing:var( --e-global-typography-7f0e544-letter-spacing );word-spacing:var( --e-global-typography-7f0e544-word-spacing );}.elementor-widget-theme-post-excerpt .elementor-widget-container{font-size:var( --e-global-typography-text-font-size );}.elementor-widget-heading .elementor-heading-title{font-size:var( --e-global-typography-primary-font-size );line-height:var( --e-global-typography-primary-line-height );}.elementor-9898 .elementor-element.elementor-element-f77d9dd .elementor-heading-title{font-size:var( --e-global-typography-7f0e544-font-size );line-height:var( --e-global-typography-7f0e544-line-height );letter-spacing:var( --e-global-typography-7f0e544-letter-spacing );word-spacing:var( --e-global-typography-7f0e544-word-spacing );}}@media(max-width:767px){.elementor-widget-theme-post-featured-image .widget-image-caption{font-size:var( --e-global-typography-text-font-size );}.elementor-widget-theme-post-title .elementor-heading-title{font-size:var( --e-global-typography-primary-font-size );line-height:var( --e-global-typography-primary-line-height );}.elementor-9898 .elementor-element.elementor-element-87dd3f1 .elementor-heading-title{font-size:var( --e-global-typography-7f0e544-font-size );line-height:var( --e-global-typography-7f0e544-line-height );letter-spacing:var( --e-global-typography-7f0e544-letter-spacing );word-spacing:var( --e-global-typography-7f0e544-word-spacing );}.elementor-widget-theme-post-excerpt .elementor-widget-container{font-size:var( --e-global-typography-text-font-size );}.elementor-widget-heading .elementor-heading-title{font-size:var( --e-global-typography-primary-font-size );line-height:var( --e-global-typography-primary-line-height );}.elementor-9898 .elementor-element.elementor-element-f77d9dd .elementor-heading-title{font-size:var( --e-global-typography-7f0e544-font-size );line-height:var( --e-global-typography-7f0e544-line-height );letter-spacing:var( --e-global-typography-7f0e544-letter-spacing );word-spacing:var( --e-global-typography-7f0e544-word-spacing );}}<\/style>\t\t<div data-elementor-type=\"loop-item\" data-elementor-id=\"9898\" class=\"elementor elementor-9898 e-loop-item e-loop-item-5917 post-5917 post type-post status-publish format-standard has-post-thumbnail hentry category-kundenberatung category-meetings tag-face-to-face tag-meeting tag-sales\" data-elementor-post-type=\"elementor_library\" data-custom-edit-handle=\"1\">\n\t\t\t<div class=\"elementor-element elementor-element-4d3d0b7 e-flex e-con-boxed e-con e-parent\" data-id=\"4d3d0b7\" data-element_type=\"container\" data-e-type=\"container\">\n\t\t\t\t\t<div class=\"e-con-inner\">\n\t\t\t\t<div class=\"elementor-element elementor-element-db7c57e elementor-widget elementor-widget-theme-post-featured-image elementor-widget-image\" data-id=\"db7c57e\" data-element_type=\"widget\" data-e-type=\"widget\" data-widget_type=\"theme-post-featured-image.default\">\n\t\t\t\t<div class=\"elementor-widget-container\">\n\t\t\t\t\t\t\t\t\t\t\t\t\t\t\t\t<a href=\"https:\/\/www.abusizz.ch\/en\/power-face-to-face\/\">\n\t\t\t\t\t\t\t<img decoding=\"async\" src=\"https:\/\/www.abusizz.ch\/wp-content\/uploads\/elementor\/thumbs\/MG_5405-2-qbkvjwb87uc9a35unjc1ofhmo8a16v9elz7w4ezpqg.jpg\" title=\"_MG_5405-2\" alt=\"_MG_5405-2\" loading=\"lazy\" \/>\t\t\t\t\t\t\t\t<\/a>\n\t\t\t\t\t\t\t\t\t\t\t\t\t\t\t<\/div>\n\t\t\t\t<\/div>\n\t\t\t\t<div class=\"elementor-element elementor-element-87dd3f1 elementor-widget elementor-widget-theme-post-title elementor-page-title elementor-widget-heading\" data-id=\"87dd3f1\" data-element_type=\"widget\" data-e-type=\"widget\" data-widget_type=\"theme-post-title.default\">\n\t\t\t\t<div class=\"elementor-widget-container\">\n\t\t\t\t\t<h2 class=\"elementor-heading-title elementor-size-default\"><a href=\"https:\/\/www.abusizz.ch\/en\/power-face-to-face\/\">The power of face to face<\/a><\/h2>\t\t\t\t<\/div>\n\t\t\t\t<\/div>\n\t\t\t\t<div class=\"elementor-element elementor-element-69922e8 elementor-widget elementor-widget-theme-post-excerpt\" data-id=\"69922e8\" data-element_type=\"widget\" data-e-type=\"widget\" data-widget_type=\"theme-post-excerpt.default\">\n\t\t\t\t<div class=\"elementor-widget-container\">\n\t\t\t\t\t<p>Wir alle kennen den kreativen Funken, das spontane Zusammentreffen oder die \u00fcberzeugende Art einer Person, die in einer physischen Umgebung\t\t\t\t<\/div>\n\t\t\t\t<\/div>\n\t\t\t\t<div class=\"elementor-element elementor-element-f77d9dd elementor-widget elementor-widget-heading\" data-id=\"f77d9dd\" data-element_type=\"widget\" data-e-type=\"widget\" data-widget_type=\"heading.default\">\n\t\t\t\t<div class=\"elementor-widget-container\">\n\t\t\t\t\t<div class=\"elementor-heading-title elementor-size-default\"><a href=\"https:\/\/www.abusizz.ch\/en\/power-face-to-face\/\">Mehr &gt;<\/a><\/div>\t\t\t\t<\/div>\n\t\t\t\t<\/div>\n\t\t\t\t\t<\/div>\n\t\t\t\t<\/div>\n\t\t\t\t<\/div>\n\t\t\t\t<div data-elementor-type=\"loop-item\" data-elementor-id=\"9898\" class=\"elementor elementor-9898 e-loop-item e-loop-item-11098 post-11098 post type-post status-publish format-standard has-post-thumbnail hentry category-news\" data-elementor-post-type=\"elementor_library\" data-custom-edit-handle=\"1\">\n\t\t\t<div class=\"elementor-element elementor-element-4d3d0b7 e-flex e-con-boxed e-con e-parent\" data-id=\"4d3d0b7\" data-element_type=\"container\" data-e-type=\"container\">\n\t\t\t\t\t<div class=\"e-con-inner\">\n\t\t\t\t<div class=\"elementor-element elementor-element-db7c57e elementor-widget elementor-widget-theme-post-featured-image elementor-widget-image\" data-id=\"db7c57e\" data-element_type=\"widget\" data-e-type=\"widget\" data-widget_type=\"theme-post-featured-image.default\">\n\t\t\t\t<div class=\"elementor-widget-container\">\n\t\t\t\t\t\t\t\t\t\t\t\t\t\t\t\t<a href=\"https:\/\/www.abusizz.ch\/en\/abusizz-in-der-neuesten-bilanz-ausgabe\/\">\n\t\t\t\t\t\t\t<img decoding=\"async\" src=\"https:\/\/www.abusizz.ch\/wp-content\/uploads\/elementor\/thumbs\/BilanzArtikel-scaled-qerrx60cjdwk0u523vyuz70hsjfz4xqlefj5crqfbc.jpg\" title=\"BilanzArtikel\" alt=\"BilanzArtikel\" loading=\"lazy\" \/>\t\t\t\t\t\t\t\t<\/a>\n\t\t\t\t\t\t\t\t\t\t\t\t\t\t\t<\/div>\n\t\t\t\t<\/div>\n\t\t\t\t<div class=\"elementor-element elementor-element-87dd3f1 elementor-widget elementor-widget-theme-post-title elementor-page-title elementor-widget-heading\" data-id=\"87dd3f1\" data-element_type=\"widget\" data-e-type=\"widget\" data-widget_type=\"theme-post-title.default\">\n\t\t\t\t<div class=\"elementor-widget-container\">\n\t\t\t\t\t<h2 class=\"elementor-heading-title elementor-size-default\"><a href=\"https:\/\/www.abusizz.ch\/en\/abusizz-in-der-neuesten-bilanz-ausgabe\/\">Neues Kapitel f\u00fcr Meetings<\/a><\/h2>\t\t\t\t<\/div>\n\t\t\t\t<\/div>\n\t\t\t\t<div class=\"elementor-element elementor-element-69922e8 elementor-widget elementor-widget-theme-post-excerpt\" data-id=\"69922e8\" data-element_type=\"widget\" data-e-type=\"widget\" data-widget_type=\"theme-post-excerpt.default\">\n\t\t\t\t<div class=\"elementor-widget-container\">\n\t\t\t\t\t<p>Einen kleinen Schritt in die Medien, ein grosser Sprung f\u00fcr die Meeting-Kultur: ABUSIZZ ist unter den innovativen Vision\u00e4ren in der\t\t\t\t<\/div>\n\t\t\t\t<\/div>\n\t\t\t\t<div class=\"elementor-element elementor-element-f77d9dd elementor-widget elementor-widget-heading\" data-id=\"f77d9dd\" data-element_type=\"widget\" data-e-type=\"widget\" data-widget_type=\"heading.default\">\n\t\t\t\t<div class=\"elementor-widget-container\">\n\t\t\t\t\t<div class=\"elementor-heading-title elementor-size-default\"><a href=\"https:\/\/www.abusizz.ch\/en\/abusizz-in-der-neuesten-bilanz-ausgabe\/\">Mehr &gt;<\/a><\/div>\t\t\t\t<\/div>\n\t\t\t\t<\/div>\n\t\t\t\t\t<\/div>\n\t\t\t\t<\/div>\n\t\t\t\t<\/div>\n\t\t\t\t<div data-elementor-type=\"loop-item\" data-elementor-id=\"9898\" class=\"elementor elementor-9898 e-loop-item e-loop-item-10278 post-10278 post type-post status-publish format-standard has-post-thumbnail hentry category-monterosaos\" data-elementor-post-type=\"elementor_library\" data-custom-edit-handle=\"1\">\n\t\t\t<div class=\"elementor-element elementor-element-4d3d0b7 e-flex e-con-boxed e-con e-parent\" data-id=\"4d3d0b7\" data-element_type=\"container\" data-e-type=\"container\">\n\t\t\t\t\t<div class=\"e-con-inner\">\n\t\t\t\t<div class=\"elementor-element elementor-element-db7c57e elementor-widget elementor-widget-theme-post-featured-image elementor-widget-image\" data-id=\"db7c57e\" data-element_type=\"widget\" data-e-type=\"widget\" data-widget_type=\"theme-post-featured-image.default\">\n\t\t\t\t<div class=\"elementor-widget-container\">\n\t\t\t\t\t\t\t\t\t\t\t\t\t\t\t\t<a href=\"https:\/\/www.abusizz.ch\/en\/was-ist-lamp\/\">\n\t\t\t\t\t\t\t<img decoding=\"async\" src=\"https:\/\/www.abusizz.ch\/wp-content\/uploads\/elementor\/thumbs\/Frame-49-qb8oodie47zhdaulrlu86vujgo4287941lqgb73n60.png\" title=\"Frame 49\" alt=\"Frame 49\" loading=\"lazy\" \/>\t\t\t\t\t\t\t\t<\/a>\n\t\t\t\t\t\t\t\t\t\t\t\t\t\t\t<\/div>\n\t\t\t\t<\/div>\n\t\t\t\t<div class=\"elementor-element elementor-element-87dd3f1 elementor-widget elementor-widget-theme-post-title elementor-page-title elementor-widget-heading\" data-id=\"87dd3f1\" data-element_type=\"widget\" data-e-type=\"widget\" data-widget_type=\"theme-post-title.default\">\n\t\t\t\t<div class=\"elementor-widget-container\">\n\t\t\t\t\t<h2 class=\"elementor-heading-title elementor-size-default\"><a href=\"https:\/\/www.abusizz.ch\/en\/was-ist-lamp\/\">Was ist Lamp+?<\/a><\/h2>\t\t\t\t<\/div>\n\t\t\t\t<\/div>\n\t\t\t\t<div class=\"elementor-element elementor-element-69922e8 elementor-widget elementor-widget-theme-post-excerpt\" data-id=\"69922e8\" data-element_type=\"widget\" data-e-type=\"widget\" data-widget_type=\"theme-post-excerpt.default\">\n\t\t\t\t<div class=\"elementor-widget-container\">\n\t\t\t\t\tHas(s)t du Besprechungen, die nicht ihr volles Potenzial aussch\u00f6pfen und wertvolle Ressourcen verschwenden? Wir stellen dir unsere L\u00f6sung f\u00fcr bessere\t\t\t\t<\/div>\n\t\t\t\t<\/div>\n\t\t\t\t<div class=\"elementor-element elementor-element-f77d9dd elementor-widget elementor-widget-heading\" data-id=\"f77d9dd\" data-element_type=\"widget\" data-e-type=\"widget\" data-widget_type=\"heading.default\">\n\t\t\t\t<div class=\"elementor-widget-container\">\n\t\t\t\t\t<div class=\"elementor-heading-title elementor-size-default\"><a href=\"https:\/\/www.abusizz.ch\/en\/was-ist-lamp\/\">Mehr &gt;<\/a><\/div>\t\t\t\t<\/div>\n\t\t\t\t<\/div>\n\t\t\t\t\t<\/div>\n\t\t\t\t<\/div>\n\t\t\t\t<\/div>\n\t\t\t\t<\/div>\n\t\t\n\t\t\t\t\t\t<\/div>\n\t\t\t\t<\/div>\n\t\t\t\t\t<\/div>\n\t\t<\/div>\n\t\t\t\t\t<\/div>\n\t\t<\/section>\n\t\t\t\t<\/div>\n\t\t","protected":false},"excerpt":{"rendered":"<p>https:\/\/www.abusizz.ch\/wp-content\/uploads\/2023\/08\/Loop.mp4 Our solutions<\/p>","protected":false},"author":31,"featured_media":0,"parent":0,"menu_order":0,"comment_status":"closed","ping_status":"closed","template":"","meta":{"footnotes":""},"class_list":["post-10748","page","type-page","status-publish","hentry"],"yoast_head":"<!-- This site is optimized with the Yoast SEO plugin v27.2 - https:\/\/yoast.com\/product\/yoast-seo-wordpress\/ -->\n<title>Was kann Lamp+ | ABUSIZZ - Lamp+<\/title>\n<meta name=\"robots\" content=\"index, follow, max-snippet:-1, max-image-preview:large, max-video-preview:-1\" \/>\n<link rel=\"canonical\" href=\"https:\/\/www.abusizz.ch\/en\/what-can-lamp-do\/\" \/>\n<meta property=\"og:locale\" content=\"en_GB\" \/>\n<meta property=\"og:type\" content=\"article\" \/>\n<meta property=\"og:title\" content=\"Was kann Lamp+ | ABUSIZZ - Lamp+\" \/>\n<meta property=\"og:description\" content=\"https:\/\/www.abusizz.ch\/wp-content\/uploads\/2023\/08\/Loop.mp4 Unsere L\u00f6sungen\" \/>\n<meta property=\"og:url\" content=\"https:\/\/www.abusizz.ch\/en\/what-can-lamp-do\/\" \/>\n<meta property=\"og:site_name\" content=\"ABUSIZZ - Lamp+\" \/>\n<meta property=\"article:modified_time\" content=\"2023-09-27T09:32:07+00:00\" \/>\n<meta property=\"og:image\" content=\"https:\/\/www.abusizz.ch\/wp-content\/uploads\/2019\/07\/Icon-schwarz.png\" \/>\n\t<meta property=\"og:image:width\" content=\"1269\" \/>\n\t<meta property=\"og:image:height\" content=\"1522\" \/>\n\t<meta property=\"og:image:type\" content=\"image\/png\" \/>\n<meta name=\"twitter:card\" content=\"summary_large_image\" \/>\n<meta name=\"twitter:label1\" content=\"Estimated reading time\" \/>\n\t<meta name=\"twitter:data1\" content=\"1 minute\" \/>\n<script type=\"application\/ld+json\" class=\"yoast-schema-graph\">{\"@context\":\"https:\/\/schema.org\",\"@graph\":[{\"@type\":\"WebPage\",\"@id\":\"https:\/\/www.abusizz.ch\/was-kann-lamp\/\",\"url\":\"https:\/\/www.abusizz.ch\/was-kann-lamp\/\",\"name\":\"Was kann Lamp+ | ABUSIZZ - Lamp+\",\"isPartOf\":{\"@id\":\"https:\/\/www.abusizz.ch\/#website\"},\"datePublished\":\"2023-09-01T11:48:51+00:00\",\"dateModified\":\"2023-09-27T09:32:07+00:00\",\"breadcrumb\":{\"@id\":\"https:\/\/www.abusizz.ch\/was-kann-lamp\/#breadcrumb\"},\"inLanguage\":\"en-GB\",\"potentialAction\":[{\"@type\":\"ReadAction\",\"target\":[\"https:\/\/www.abusizz.ch\/was-kann-lamp\/\"]}]},{\"@type\":\"BreadcrumbList\",\"@id\":\"https:\/\/www.abusizz.ch\/was-kann-lamp\/#breadcrumb\",\"itemListElement\":[{\"@type\":\"ListItem\",\"position\":1,\"name\":\"Home\",\"item\":\"https:\/\/www.abusizz.ch\/\"},{\"@type\":\"ListItem\",\"position\":2,\"name\":\"Was kann Lamp+\"}]},{\"@type\":\"WebSite\",\"@id\":\"https:\/\/www.abusizz.ch\/#website\",\"url\":\"https:\/\/www.abusizz.ch\/\",\"name\":\"ABUSIZZ - Lamp+\",\"description\":\"L\u00f6sungen f\u00fcr face to face Meetings\",\"publisher\":{\"@id\":\"https:\/\/www.abusizz.ch\/#organization\"},\"potentialAction\":[{\"@type\":\"SearchAction\",\"target\":{\"@type\":\"EntryPoint\",\"urlTemplate\":\"https:\/\/www.abusizz.ch\/?s={search_term_string}\"},\"query-input\":{\"@type\":\"PropertyValueSpecification\",\"valueRequired\":true,\"valueName\":\"search_term_string\"}}],\"inLanguage\":\"en-GB\"},{\"@type\":\"Organization\",\"@id\":\"https:\/\/www.abusizz.ch\/#organization\",\"name\":\"ABUSIZZ AG\",\"url\":\"https:\/\/www.abusizz.ch\/\",\"logo\":{\"@type\":\"ImageObject\",\"inLanguage\":\"en-GB\",\"@id\":\"https:\/\/www.abusizz.ch\/#\/schema\/logo\/image\/\",\"url\":\"https:\/\/www.abusizz.ch\/wp-content\/uploads\/2019\/07\/Schriftzug.png\",\"contentUrl\":\"https:\/\/www.abusizz.ch\/wp-content\/uploads\/2019\/07\/Schriftzug.png\",\"width\":288,\"height\":78,\"caption\":\"ABUSIZZ AG\"},\"image\":{\"@id\":\"https:\/\/www.abusizz.ch\/#\/schema\/logo\/image\/\"}}]}<\/script>\n<!-- \/ Yoast SEO plugin. -->","yoast_head_json":{"title":"What can Lamp+ | ABUSIZZ - Lamp+","robots":{"index":"index","follow":"follow","max-snippet":"max-snippet:-1","max-image-preview":"max-image-preview:large","max-video-preview":"max-video-preview:-1"},"canonical":"https:\/\/www.abusizz.ch\/en\/what-can-lamp-do\/","og_locale":"en_GB","og_type":"article","og_title":"Was kann Lamp+ | ABUSIZZ - Lamp+","og_description":"https:\/\/www.abusizz.ch\/wp-content\/uploads\/2023\/08\/Loop.mp4 Unsere L\u00f6sungen","og_url":"https:\/\/www.abusizz.ch\/en\/what-can-lamp-do\/","og_site_name":"ABUSIZZ - Lamp+","article_modified_time":"2023-09-27T09:32:07+00:00","og_image":[{"width":1269,"height":1522,"url":"https:\/\/www.abusizz.ch\/wp-content\/uploads\/2019\/07\/Icon-schwarz.png","type":"image\/png"}],"twitter_card":"summary_large_image","twitter_misc":{"Estimated reading time":"1 minute"},"schema":{"@context":"https:\/\/schema.org","@graph":[{"@type":"WebPage","@id":"https:\/\/www.abusizz.ch\/was-kann-lamp\/","url":"https:\/\/www.abusizz.ch\/was-kann-lamp\/","name":"What can Lamp+ | ABUSIZZ - Lamp+","isPartOf":{"@id":"https:\/\/www.abusizz.ch\/#website"},"datePublished":"2023-09-01T11:48:51+00:00","dateModified":"2023-09-27T09:32:07+00:00","breadcrumb":{"@id":"https:\/\/www.abusizz.ch\/was-kann-lamp\/#breadcrumb"},"inLanguage":"en-GB","potentialAction":[{"@type":"ReadAction","target":["https:\/\/www.abusizz.ch\/was-kann-lamp\/"]}]},{"@type":"BreadcrumbList","@id":"https:\/\/www.abusizz.ch\/was-kann-lamp\/#breadcrumb","itemListElement":[{"@type":"ListItem","position":1,"name":"Home","item":"https:\/\/www.abusizz.ch\/"},{"@type":"ListItem","position":2,"name":"Was kann Lamp+"}]},{"@type":"WebSite","@id":"https:\/\/www.abusizz.ch\/#website","url":"https:\/\/www.abusizz.ch\/","name":"ABUSIZZ-Lamp+","description":"Solutions for face to face meetings","publisher":{"@id":"https:\/\/www.abusizz.ch\/#organization"},"potentialAction":[{"@type":"SearchAction","target":{"@type":"EntryPoint","urlTemplate":"https:\/\/www.abusizz.ch\/?s={search_term_string}"},"query-input":{"@type":"PropertyValueSpecification","valueRequired":true,"valueName":"search_term_string"}}],"inLanguage":"en-GB"},{"@type":"Organization","@id":"https:\/\/www.abusizz.ch\/#organization","name":"ABUSIZZ AG","url":"https:\/\/www.abusizz.ch\/","logo":{"@type":"ImageObject","inLanguage":"en-GB","@id":"https:\/\/www.abusizz.ch\/#\/schema\/logo\/image\/","url":"https:\/\/www.abusizz.ch\/wp-content\/uploads\/2019\/07\/Schriftzug.png","contentUrl":"https:\/\/www.abusizz.ch\/wp-content\/uploads\/2019\/07\/Schriftzug.png","width":288,"height":78,"caption":"ABUSIZZ AG"},"image":{"@id":"https:\/\/www.abusizz.ch\/#\/schema\/logo\/image\/"}}]}},"_links":{"self":[{"href":"https:\/\/www.abusizz.ch\/en\/wp-json\/wp\/v2\/pages\/10748","targetHints":{"allow":["GET"]}}],"collection":[{"href":"https:\/\/www.abusizz.ch\/en\/wp-json\/wp\/v2\/pages"}],"about":[{"href":"https:\/\/www.abusizz.ch\/en\/wp-json\/wp\/v2\/types\/page"}],"author":[{"embeddable":true,"href":"https:\/\/www.abusizz.ch\/en\/wp-json\/wp\/v2\/users\/31"}],"replies":[{"embeddable":true,"href":"https:\/\/www.abusizz.ch\/en\/wp-json\/wp\/v2\/comments?post=10748"}],"version-history":[{"count":10,"href":"https:\/\/www.abusizz.ch\/en\/wp-json\/wp\/v2\/pages\/10748\/revisions"}],"predecessor-version":[{"id":11055,"href":"https:\/\/www.abusizz.ch\/en\/wp-json\/wp\/v2\/pages\/10748\/revisions\/11055"}],"wp:attachment":[{"href":"https:\/\/www.abusizz.ch\/en\/wp-json\/wp\/v2\/media?parent=10748"}],"curies":[{"name":"wp","href":"https:\/\/api.w.org\/{rel}","templated":true}]}}