{"id":2882,"date":"2021-04-08T14:47:41","date_gmt":"2021-04-08T12:47:41","guid":{"rendered":"https:\/\/abusizz.ch\/?page_id=2882"},"modified":"2023-08-25T13:46:33","modified_gmt":"2023-08-25T11:46:33","slug":"philosophy","status":"publish","type":"page","link":"https:\/\/www.abusizz.ch\/en\/philosophie\/","title":{"rendered":"Philosophy"},"content":{"rendered":"<div data-elementor-type=\"wp-page\" data-elementor-id=\"2882\" class=\"elementor elementor-2882\" data-elementor-post-type=\"page\">\n\t\t\t\t\t\t<section class=\"elementor-section elementor-top-section elementor-element elementor-element-c484f70 elementor-section-full_width elementor-section-height-min-height elementor-section-items-bottom elementor-section-height-default\" data-id=\"c484f70\" data-element_type=\"section\" data-e-type=\"section\" data-settings=\"{&quot;background_background&quot;:&quot;video&quot;,&quot;background_video_link&quot;:&quot;https:\\\/\\\/exps.abusizz.ch\\\/ressources\\\/video\\\/about-us.mp4?mute=1;autoplay=1&quot;,&quot;background_play_on_mobile&quot;:&quot;yes&quot;}\">\n\t\t\t\t\t\t\t\t<div class=\"elementor-background-video-container\">\n\t\t\t\t\t\t\t\t\t\t\t\t\t<video class=\"elementor-background-video-hosted\" role=\"presentation\" autoplay muted playsinline loop><\/video>\n\t\t\t\t\t\t\t\t\t\t\t<\/div>\n\t\t\t\t\t\t\t\t<div class=\"elementor-container elementor-column-gap-no\">\n\t\t\t\t\t<div class=\"elementor-column elementor-col-100 elementor-top-column elementor-element elementor-element-a35c173\" data-id=\"a35c173\" data-element_type=\"column\" data-e-type=\"column\">\n\t\t\t<div class=\"elementor-widget-wrap elementor-element-populated\">\n\t\t\t\t\t\t<div class=\"elementor-element elementor-element-8775584 elementor-view-default elementor-widget elementor-widget-icon\" data-id=\"8775584\" data-element_type=\"widget\" data-e-type=\"widget\" data-widget_type=\"icon.default\">\n\t\t\t\t<div class=\"elementor-widget-container\">\n\t\t\t\t\t\t\t<div class=\"elementor-icon-wrapper\">\n\t\t\t<a class=\"elementor-icon elementor-animation-grow\" href=\"#phil\">\n\t\t\t<svg xmlns=\"http:\/\/www.w3.org\/2000\/svg\" height=\"32\" width=\"32\" viewbox=\"0 0 32 32\"><title>arrow down<\/title><g stroke-linecap=\"square\" stroke-width=\"2\" fill=\"none\" stroke=\"#ffffff\" stroke-linejoin=\"miter\" class=\"nc-icon-wrapper\" stroke-miterlimit=\"10\"><line data-cap=\"butt\" x1=\"16\" y1=\"2\" x2=\"16\" y2=\"30\" stroke-linecap=\"butt\" stroke=\"#ffffff\"><\/line><polyline points=\"25,21 16,30 7,21 \"><\/polyline><\/g><\/svg>\t\t\t<\/a>\n\t\t<\/div>\n\t\t\t\t\t\t<\/div>\n\t\t\t\t<\/div>\n\t\t\t\t\t<\/div>\n\t\t<\/div>\n\t\t\t\t\t<\/div>\n\t\t<\/section>\n\t\t\t\t<section class=\"elementor-section elementor-top-section elementor-element elementor-element-b35b7e7 elementor-section-boxed elementor-section-height-default elementor-section-height-default\" data-id=\"b35b7e7\" data-element_type=\"section\" data-e-type=\"section\" data-settings=\"{&quot;background_background&quot;:&quot;classic&quot;}\">\n\t\t\t\t\t\t<div class=\"elementor-container elementor-column-gap-default\">\n\t\t\t\t\t<div class=\"elementor-column elementor-col-66 elementor-top-column elementor-element elementor-element-9a47cb8\" data-id=\"9a47cb8\" data-element_type=\"column\" data-e-type=\"column\">\n\t\t\t<div class=\"elementor-widget-wrap elementor-element-populated\">\n\t\t\t\t\t\t<div class=\"elementor-element elementor-element-92b1937 elementor-widget elementor-widget-spacer\" data-id=\"92b1937\" data-element_type=\"widget\" data-e-type=\"widget\" data-widget_type=\"spacer.default\">\n\t\t\t\t<div class=\"elementor-widget-container\">\n\t\t\t\t\t\t\t<div class=\"elementor-spacer\">\n\t\t\t<div class=\"elementor-spacer-inner\"><\/div>\n\t\t<\/div>\n\t\t\t\t\t\t<\/div>\n\t\t\t\t<\/div>\n\t\t\t\t<div class=\"elementor-element elementor-element-719c43c elementor-widget elementor-widget-heading\" data-id=\"719c43c\" data-element_type=\"widget\" data-e-type=\"widget\" id=\"phil\" data-widget_type=\"heading.default\">\n\t\t\t\t<div class=\"elementor-widget-container\">\n\t\t\t\t\t<h1 class=\"elementor-heading-title elementor-size-default\">Our philosophy<\/h1>\t\t\t\t<\/div>\n\t\t\t\t<\/div>\n\t\t\t\t<div class=\"elementor-element elementor-element-ceaf8bf elementor-widget elementor-widget-heading\" data-id=\"ceaf8bf\" data-element_type=\"widget\" data-e-type=\"widget\" data-widget_type=\"heading.default\">\n\t\t\t\t<div class=\"elementor-widget-container\">\n\t\t\t\t\t<h4 class=\"elementor-heading-title elementor-size-default\">The Abusizz phenomenon has a long tradition.<\/h4>\t\t\t\t<\/div>\n\t\t\t\t<\/div>\n\t\t\t\t\t<\/div>\n\t\t<\/div>\n\t\t\t\t<div class=\"elementor-column elementor-col-33 elementor-top-column elementor-element elementor-element-bd9ee41\" data-id=\"bd9ee41\" data-element_type=\"column\" data-e-type=\"column\">\n\t\t\t<div class=\"elementor-widget-wrap\">\n\t\t\t\t\t\t\t<\/div>\n\t\t<\/div>\n\t\t\t\t\t<\/div>\n\t\t<\/section>\n\t\t\t\t<section class=\"elementor-section elementor-top-section elementor-element elementor-element-c313b61 elementor-section-boxed elementor-section-height-default elementor-section-height-default\" data-id=\"c313b61\" data-element_type=\"section\" data-e-type=\"section\" data-settings=\"{&quot;background_background&quot;:&quot;classic&quot;}\">\n\t\t\t\t\t\t<div class=\"elementor-container elementor-column-gap-default\">\n\t\t\t\t\t<div class=\"elementor-column elementor-col-50 elementor-top-column elementor-element elementor-element-eca996b\" data-id=\"eca996b\" data-element_type=\"column\" data-e-type=\"column\">\n\t\t\t<div class=\"elementor-widget-wrap elementor-element-populated\">\n\t\t\t\t\t\t<div class=\"elementor-element elementor-element-8c75594 elementor-widget elementor-widget-text-editor\" data-id=\"8c75594\" data-element_type=\"widget\" data-e-type=\"widget\" data-widget_type=\"text-editor.default\">\n\t\t\t\t<div class=\"elementor-widget-container\">\n\t\t\t\t\t\t\t\t\t<p>Around 10,000 years ago, mules and mercenaries sought shelter from the darkness of the night on the transport route near Schwarzsee above Zermatt (Switzerland). The evenings were long - social gatherings around the warming fire were, of course, part of it.\u00a0<\/p><p>Throughout history, this way of spending time together has been given a name: abusizz. In the local Zermatt families, this so-called abusizz became an integral part of the day.\u00a0<span style=\"font-size: 21px; font-style: normal; font-weight: 400; color: var( --e-global-color-37fa109 ); font-family: var( --e-global-typography-text-font-family ), Sans-serif;\">In today's everyday life, being together and exchanging ideas that way has become more rare.<\/span><\/p>\t\t\t\t\t\t\t\t<\/div>\n\t\t\t\t<\/div>\n\t\t\t\t\t<\/div>\n\t\t<\/div>\n\t\t\t\t<div class=\"elementor-column elementor-col-50 elementor-top-column elementor-element elementor-element-f4bcb92\" data-id=\"f4bcb92\" data-element_type=\"column\" data-e-type=\"column\">\n\t\t\t<div class=\"elementor-widget-wrap elementor-element-populated\">\n\t\t\t\t\t\t<div class=\"elementor-element elementor-element-6b1dee2 elementor-widget elementor-widget-text-editor\" data-id=\"6b1dee2\" data-element_type=\"widget\" data-e-type=\"widget\" data-widget_type=\"text-editor.default\">\n\t\t\t\t<div class=\"elementor-widget-container\">\n\t\t\t\t\t\t\t\t\t<p>Would you find the time to listen and understand what our ancestors have experienced?<\/p><p>In a time full of hustle and bustle and digital stimuli, the values of \"face-to-face\" culture are becoming increasingly important. Don't we secretly all want to experience that Abusizz feeling again?<\/p>\t\t\t\t\t\t\t\t<\/div>\n\t\t\t\t<\/div>\n\t\t\t\t\t<\/div>\n\t\t<\/div>\n\t\t\t\t\t<\/div>\n\t\t<\/section>\n\t\t\t\t<section class=\"elementor-section elementor-top-section elementor-element elementor-element-535879c elementor-section-boxed elementor-section-height-default elementor-section-height-default\" data-id=\"535879c\" data-element_type=\"section\" data-e-type=\"section\" data-settings=\"{&quot;background_background&quot;:&quot;classic&quot;}\">\n\t\t\t\t\t\t<div class=\"elementor-container elementor-column-gap-default\">\n\t\t\t\t\t<div class=\"elementor-column elementor-col-100 elementor-top-column elementor-element elementor-element-7be4136\" data-id=\"7be4136\" data-element_type=\"column\" data-e-type=\"column\">\n\t\t\t<div class=\"elementor-widget-wrap elementor-element-populated\">\n\t\t\t\t\t\t<div class=\"elementor-element elementor-element-f5cbbdb elementor-widget elementor-widget-spacer\" data-id=\"f5cbbdb\" data-element_type=\"widget\" data-e-type=\"widget\" data-widget_type=\"spacer.default\">\n\t\t\t\t<div class=\"elementor-widget-container\">\n\t\t\t\t\t\t\t<div class=\"elementor-spacer\">\n\t\t\t<div class=\"elementor-spacer-inner\"><\/div>\n\t\t<\/div>\n\t\t\t\t\t\t<\/div>\n\t\t\t\t<\/div>\n\t\t\t\t\t<\/div>\n\t\t<\/div>\n\t\t\t\t\t<\/div>\n\t\t<\/section>\n\t\t\t\t<section class=\"elementor-section elementor-top-section elementor-element elementor-element-2f4f6af elementor-section-full_width elementor-section-height-min-height elementor-section-height-default elementor-section-items-middle\" data-id=\"2f4f6af\" data-element_type=\"section\" data-e-type=\"section\" data-settings=\"{&quot;background_background&quot;:&quot;classic&quot;}\">\n\t\t\t\t\t\t<div class=\"elementor-container elementor-column-gap-default\">\n\t\t\t\t\t<div class=\"elementor-column elementor-col-100 elementor-top-column elementor-element elementor-element-2fff754\" data-id=\"2fff754\" data-element_type=\"column\" data-e-type=\"column\" data-settings=\"{&quot;background_background&quot;:&quot;classic&quot;}\">\n\t\t\t<div class=\"elementor-widget-wrap\">\n\t\t\t\t\t\t\t<\/div>\n\t\t<\/div>\n\t\t\t\t\t<\/div>\n\t\t<\/section>\n\t\t\t\t<section class=\"elementor-section elementor-top-section elementor-element elementor-element-bb66e08 elementor-section-boxed elementor-section-height-default elementor-section-height-default\" data-id=\"bb66e08\" data-element_type=\"section\" data-e-type=\"section\" data-settings=\"{&quot;background_background&quot;:&quot;classic&quot;}\">\n\t\t\t\t\t\t<div class=\"elementor-container elementor-column-gap-default\">\n\t\t\t\t\t<div class=\"elementor-column elementor-col-100 elementor-top-column elementor-element elementor-element-b20e047\" data-id=\"b20e047\" data-element_type=\"column\" data-e-type=\"column\">\n\t\t\t<div class=\"elementor-widget-wrap\">\n\t\t\t\t\t\t\t<\/div>\n\t\t<\/div>\n\t\t\t\t\t<\/div>\n\t\t<\/section>\n\t\t\t\t<\/div>","protected":false},"excerpt":{"rendered":"<p>arrow down Unsere Philosophie Das Ph\u00e4nomen Abusizz blickt auf eine lange Tradition zur\u00fcck. Schon vor rund 10\u2019000 Jahren haben S\u00e4umer und S\u00f6ldner auf dem Verkehrsweg in der N\u00e4he des Weilers Schwarzsee oberhalb von Zermatt (Schweiz) Schutz vor der Dunkelheit der Nacht gesucht. Die Abende waren lang \u2013 Geselliges Beisammensein rund um das w\u00e4rmende Feuer geh\u00f6rte [&hellip;]<\/p>\n","protected":false},"author":31,"featured_media":0,"parent":0,"menu_order":0,"comment_status":"closed","ping_status":"closed","template":"","meta":{"footnotes":""},"class_list":["post-2882","page","type-page","status-publish","hentry"],"yoast_head":"<!-- This site is optimized with the Yoast SEO plugin v27.2 - https:\/\/yoast.com\/product\/yoast-seo-wordpress\/ -->\n<title>Philosophie | ABUSIZZ - Lamp+<\/title>\n<meta name=\"robots\" content=\"index, follow, max-snippet:-1, max-image-preview:large, max-video-preview:-1\" \/>\n<link rel=\"canonical\" href=\"https:\/\/www.abusizz.ch\/en\/philosophy\/\" \/>\n<meta property=\"og:locale\" content=\"en_GB\" \/>\n<meta property=\"og:type\" content=\"article\" \/>\n<meta property=\"og:title\" content=\"Philosophie | ABUSIZZ - Lamp+\" \/>\n<meta property=\"og:description\" content=\"arrow down Unsere Philosophie Das Ph\u00e4nomen Abusizz blickt auf eine lange Tradition zur\u00fcck. Schon vor rund 10\u2019000 Jahren haben S\u00e4umer und S\u00f6ldner auf dem Verkehrsweg in der N\u00e4he des Weilers Schwarzsee oberhalb von Zermatt (Schweiz) Schutz vor der Dunkelheit der Nacht gesucht. Die Abende waren lang \u2013 Geselliges Beisammensein rund um das w\u00e4rmende Feuer geh\u00f6rte [&hellip;]\" \/>\n<meta property=\"og:url\" content=\"https:\/\/www.abusizz.ch\/en\/philosophy\/\" \/>\n<meta property=\"og:site_name\" content=\"ABUSIZZ - Lamp+\" \/>\n<meta property=\"article:modified_time\" content=\"2023-08-25T11:46:33+00:00\" \/>\n<meta property=\"og:image\" content=\"https:\/\/www.abusizz.ch\/wp-content\/uploads\/2019\/07\/Icon-schwarz.png\" \/>\n\t<meta property=\"og:image:width\" content=\"1269\" \/>\n\t<meta property=\"og:image:height\" content=\"1522\" \/>\n\t<meta property=\"og:image:type\" content=\"image\/png\" \/>\n<meta name=\"twitter:card\" content=\"summary_large_image\" \/>\n<meta name=\"twitter:label1\" content=\"Estimated reading time\" \/>\n\t<meta name=\"twitter:data1\" content=\"1 minute\" \/>\n<script type=\"application\/ld+json\" class=\"yoast-schema-graph\">{\"@context\":\"https:\/\/schema.org\",\"@graph\":[{\"@type\":\"WebPage\",\"@id\":\"https:\/\/www.abusizz.ch\/philosophie\/\",\"url\":\"https:\/\/www.abusizz.ch\/philosophie\/\",\"name\":\"Philosophie | ABUSIZZ - Lamp+\",\"isPartOf\":{\"@id\":\"https:\/\/www.abusizz.ch\/#website\"},\"datePublished\":\"2021-04-08T12:47:41+00:00\",\"dateModified\":\"2023-08-25T11:46:33+00:00\",\"breadcrumb\":{\"@id\":\"https:\/\/www.abusizz.ch\/philosophie\/#breadcrumb\"},\"inLanguage\":\"en-GB\",\"potentialAction\":[{\"@type\":\"ReadAction\",\"target\":[\"https:\/\/www.abusizz.ch\/philosophie\/\"]}]},{\"@type\":\"BreadcrumbList\",\"@id\":\"https:\/\/www.abusizz.ch\/philosophie\/#breadcrumb\",\"itemListElement\":[{\"@type\":\"ListItem\",\"position\":1,\"name\":\"Home\",\"item\":\"https:\/\/www.abusizz.ch\/\"},{\"@type\":\"ListItem\",\"position\":2,\"name\":\"Philosophie\"}]},{\"@type\":\"WebSite\",\"@id\":\"https:\/\/www.abusizz.ch\/#website\",\"url\":\"https:\/\/www.abusizz.ch\/\",\"name\":\"ABUSIZZ - Lamp+\",\"description\":\"L\u00f6sungen f\u00fcr face to face Meetings\",\"publisher\":{\"@id\":\"https:\/\/www.abusizz.ch\/#organization\"},\"potentialAction\":[{\"@type\":\"SearchAction\",\"target\":{\"@type\":\"EntryPoint\",\"urlTemplate\":\"https:\/\/www.abusizz.ch\/?s={search_term_string}\"},\"query-input\":{\"@type\":\"PropertyValueSpecification\",\"valueRequired\":true,\"valueName\":\"search_term_string\"}}],\"inLanguage\":\"en-GB\"},{\"@type\":\"Organization\",\"@id\":\"https:\/\/www.abusizz.ch\/#organization\",\"name\":\"ABUSIZZ AG\",\"url\":\"https:\/\/www.abusizz.ch\/\",\"logo\":{\"@type\":\"ImageObject\",\"inLanguage\":\"en-GB\",\"@id\":\"https:\/\/www.abusizz.ch\/#\/schema\/logo\/image\/\",\"url\":\"https:\/\/www.abusizz.ch\/wp-content\/uploads\/2019\/07\/Schriftzug.png\",\"contentUrl\":\"https:\/\/www.abusizz.ch\/wp-content\/uploads\/2019\/07\/Schriftzug.png\",\"width\":288,\"height\":78,\"caption\":\"ABUSIZZ AG\"},\"image\":{\"@id\":\"https:\/\/www.abusizz.ch\/#\/schema\/logo\/image\/\"}}]}<\/script>\n<!-- \/ Yoast SEO plugin. -->","yoast_head_json":{"title":"Philosophy | ABUSIZZ-Lamp+","robots":{"index":"index","follow":"follow","max-snippet":"max-snippet:-1","max-image-preview":"max-image-preview:large","max-video-preview":"max-video-preview:-1"},"canonical":"https:\/\/www.abusizz.ch\/en\/philosophy\/","og_locale":"en_GB","og_type":"article","og_title":"Philosophie | ABUSIZZ - Lamp+","og_description":"arrow down Unsere Philosophie Das Ph\u00e4nomen Abusizz blickt auf eine lange Tradition zur\u00fcck. Schon vor rund 10\u2019000 Jahren haben S\u00e4umer und S\u00f6ldner auf dem Verkehrsweg in der N\u00e4he des Weilers Schwarzsee oberhalb von Zermatt (Schweiz) Schutz vor der Dunkelheit der Nacht gesucht. Die Abende waren lang \u2013 Geselliges Beisammensein rund um das w\u00e4rmende Feuer geh\u00f6rte [&hellip;]","og_url":"https:\/\/www.abusizz.ch\/en\/philosophy\/","og_site_name":"ABUSIZZ - Lamp+","article_modified_time":"2023-08-25T11:46:33+00:00","og_image":[{"width":1269,"height":1522,"url":"https:\/\/www.abusizz.ch\/wp-content\/uploads\/2019\/07\/Icon-schwarz.png","type":"image\/png"}],"twitter_card":"summary_large_image","twitter_misc":{"Estimated reading time":"1 minute"},"schema":{"@context":"https:\/\/schema.org","@graph":[{"@type":"WebPage","@id":"https:\/\/www.abusizz.ch\/philosophie\/","url":"https:\/\/www.abusizz.ch\/philosophie\/","name":"Philosophy | ABUSIZZ-Lamp+","isPartOf":{"@id":"https:\/\/www.abusizz.ch\/#website"},"datePublished":"2021-04-08T12:47:41+00:00","dateModified":"2023-08-25T11:46:33+00:00","breadcrumb":{"@id":"https:\/\/www.abusizz.ch\/philosophie\/#breadcrumb"},"inLanguage":"en-GB","potentialAction":[{"@type":"ReadAction","target":["https:\/\/www.abusizz.ch\/philosophie\/"]}]},{"@type":"BreadcrumbList","@id":"https:\/\/www.abusizz.ch\/philosophie\/#breadcrumb","itemListElement":[{"@type":"ListItem","position":1,"name":"Home","item":"https:\/\/www.abusizz.ch\/"},{"@type":"ListItem","position":2,"name":"Philosophie"}]},{"@type":"WebSite","@id":"https:\/\/www.abusizz.ch\/#website","url":"https:\/\/www.abusizz.ch\/","name":"ABUSIZZ-Lamp+","description":"Solutions for face to face meetings","publisher":{"@id":"https:\/\/www.abusizz.ch\/#organization"},"potentialAction":[{"@type":"SearchAction","target":{"@type":"EntryPoint","urlTemplate":"https:\/\/www.abusizz.ch\/?s={search_term_string}"},"query-input":{"@type":"PropertyValueSpecification","valueRequired":true,"valueName":"search_term_string"}}],"inLanguage":"en-GB"},{"@type":"Organization","@id":"https:\/\/www.abusizz.ch\/#organization","name":"ABUSIZZ AG","url":"https:\/\/www.abusizz.ch\/","logo":{"@type":"ImageObject","inLanguage":"en-GB","@id":"https:\/\/www.abusizz.ch\/#\/schema\/logo\/image\/","url":"https:\/\/www.abusizz.ch\/wp-content\/uploads\/2019\/07\/Schriftzug.png","contentUrl":"https:\/\/www.abusizz.ch\/wp-content\/uploads\/2019\/07\/Schriftzug.png","width":288,"height":78,"caption":"ABUSIZZ AG"},"image":{"@id":"https:\/\/www.abusizz.ch\/#\/schema\/logo\/image\/"}}]}},"_links":{"self":[{"href":"https:\/\/www.abusizz.ch\/en\/wp-json\/wp\/v2\/pages\/2882","targetHints":{"allow":["GET"]}}],"collection":[{"href":"https:\/\/www.abusizz.ch\/en\/wp-json\/wp\/v2\/pages"}],"about":[{"href":"https:\/\/www.abusizz.ch\/en\/wp-json\/wp\/v2\/types\/page"}],"author":[{"embeddable":true,"href":"https:\/\/www.abusizz.ch\/en\/wp-json\/wp\/v2\/users\/31"}],"replies":[{"embeddable":true,"href":"https:\/\/www.abusizz.ch\/en\/wp-json\/wp\/v2\/comments?post=2882"}],"version-history":[{"count":10,"href":"https:\/\/www.abusizz.ch\/en\/wp-json\/wp\/v2\/pages\/2882\/revisions"}],"predecessor-version":[{"id":10507,"href":"https:\/\/www.abusizz.ch\/en\/wp-json\/wp\/v2\/pages\/2882\/revisions\/10507"}],"wp:attachment":[{"href":"https:\/\/www.abusizz.ch\/en\/wp-json\/wp\/v2\/media?parent=2882"}],"curies":[{"name":"wp","href":"https:\/\/api.w.org\/{rel}","templated":true}]}}