{"id":5101,"date":"2021-07-20T17:31:39","date_gmt":"2021-07-20T15:31:39","guid":{"rendered":"https:\/\/www.abusizz.ch\/mein-konto\/"},"modified":"2023-09-27T16:07:01","modified_gmt":"2023-09-27T14:07:01","slug":"my-account","status":"publish","type":"page","link":"https:\/\/www.abusizz.ch\/en\/mein-konto\/","title":{"rendered":"My account"},"content":{"rendered":"<div data-elementor-type=\"wp-page\" data-elementor-id=\"5101\" class=\"elementor elementor-5101\" data-elementor-post-type=\"page\">\n\t\t\t\t\t\t<section class=\"elementor-section elementor-top-section elementor-element elementor-element-2e6607a elementor-section-boxed elementor-section-height-default elementor-section-height-default\" data-id=\"2e6607a\" data-element_type=\"section\" data-e-type=\"section\">\n\t\t\t\t\t\t<div class=\"elementor-container elementor-column-gap-default\">\n\t\t\t\t\t<div class=\"elementor-column elementor-col-100 elementor-top-column elementor-element elementor-element-6bfa5e\" data-id=\"6bfa5e\" data-element_type=\"column\" data-e-type=\"column\">\n\t\t\t<div class=\"elementor-widget-wrap elementor-element-populated\">\n\t\t\t\t\t\t<div class=\"elementor-element elementor-element-ae6729b e-my-account-tabs-horizontal elementor-widget elementor-widget-woocommerce-my-account\" data-id=\"ae6729b\" data-element_type=\"widget\" data-e-type=\"widget\" data-settings=\"{&quot;customize_dashboard_check&quot;:&quot;yes&quot;}\" data-widget_type=\"woocommerce-my-account.default\">\n\t\t\t\t<div class=\"elementor-widget-container\">\n\t\t\t\t\t<div class=\"e-my-account-tab e-my-account-tab__\">\t\t\t<div class=\"woocommerce\"><\/div>\t\t<\/div>\n\t\t\t\t\t\t<\/div>\n\t\t\t\t<\/div>\n\t\t\t\t\t<\/div>\n\t\t<\/div>\n\t\t\t\t\t<\/div>\n\t\t<\/section>\n\t\t\t\t<\/div>","protected":false},"excerpt":{"rendered":"<p>\u00dcbersicht Bestellungen Adressen Zahlungsmethoden Kontodetails Support Tickets Abmelden \u00dcbersicht Bestellungen Adressen Zahlungsmethoden Kontodetails Support Tickets Abmelden \u00dcbersicht Bestellungen Adressen Zahlungsmethoden Kontodetails Support Tickets Abmelden \u00dcbersicht Bestellungen Adressen Zahlungsmethoden Kontodetails Support Tickets Abmelden Hallo Andreas Sansano (nicht Andreas Sansano? Abmelden) In deiner Konto-\u00dcbersicht kannst du deine letzten Bestellungen ansehen, deine Liefer- und Rechnungsadresse verwalten und dein [&hellip;]<\/p>\n","protected":false},"author":29,"featured_media":0,"parent":0,"menu_order":0,"comment_status":"closed","ping_status":"closed","template":"","meta":{"footnotes":""},"class_list":["post-5101","page","type-page","status-publish","hentry"],"yoast_head":"<!-- This site is optimized with the Yoast SEO plugin v27.2 - https:\/\/yoast.com\/product\/yoast-seo-wordpress\/ -->\n<title>Mein Konto | ABUSIZZ - Lamp+<\/title>\n<meta name=\"robots\" content=\"index, follow, max-snippet:-1, max-image-preview:large, max-video-preview:-1\" \/>\n<link rel=\"canonical\" href=\"https:\/\/www.abusizz.ch\/en\/my-account\/\" \/>\n<meta property=\"og:locale\" content=\"en_GB\" \/>\n<meta property=\"og:type\" content=\"article\" \/>\n<meta property=\"og:title\" content=\"Mein Konto | ABUSIZZ - Lamp+\" \/>\n<meta property=\"og:description\" content=\"\u00dcbersicht Bestellungen Adressen Zahlungsmethoden Kontodetails Support Tickets Abmelden \u00dcbersicht Bestellungen Adressen Zahlungsmethoden Kontodetails Support Tickets Abmelden \u00dcbersicht Bestellungen Adressen Zahlungsmethoden Kontodetails Support Tickets Abmelden \u00dcbersicht Bestellungen Adressen Zahlungsmethoden Kontodetails Support Tickets Abmelden Hallo Andreas Sansano (nicht Andreas Sansano? Abmelden) In deiner Konto-\u00dcbersicht kannst du deine letzten Bestellungen ansehen, deine Liefer- und Rechnungsadresse verwalten und dein [&hellip;]\" \/>\n<meta property=\"og:url\" content=\"https:\/\/www.abusizz.ch\/en\/my-account\/\" \/>\n<meta property=\"og:site_name\" content=\"ABUSIZZ - Lamp+\" \/>\n<meta property=\"article:modified_time\" content=\"2023-09-27T14:07:01+00:00\" \/>\n<meta property=\"og:image\" content=\"https:\/\/www.abusizz.ch\/wp-content\/uploads\/2019\/07\/Icon-schwarz.png\" \/>\n\t<meta property=\"og:image:width\" content=\"1269\" \/>\n\t<meta property=\"og:image:height\" content=\"1522\" \/>\n\t<meta property=\"og:image:type\" content=\"image\/png\" \/>\n<meta name=\"twitter:card\" content=\"summary_large_image\" \/>\n<meta name=\"twitter:label1\" content=\"Estimated reading time\" \/>\n\t<meta name=\"twitter:data1\" content=\"1 minute\" \/>\n<script type=\"application\/ld+json\" class=\"yoast-schema-graph\">{\"@context\":\"https:\/\/schema.org\",\"@graph\":[{\"@type\":\"WebPage\",\"@id\":\"https:\/\/www.abusizz.ch\/mein-konto\/\",\"url\":\"https:\/\/www.abusizz.ch\/mein-konto\/\",\"name\":\"Mein Konto | ABUSIZZ - Lamp+\",\"isPartOf\":{\"@id\":\"https:\/\/www.abusizz.ch\/#website\"},\"datePublished\":\"2021-07-20T15:31:39+00:00\",\"dateModified\":\"2023-09-27T14:07:01+00:00\",\"breadcrumb\":{\"@id\":\"https:\/\/www.abusizz.ch\/mein-konto\/#breadcrumb\"},\"inLanguage\":\"en-GB\",\"potentialAction\":[{\"@type\":\"ReadAction\",\"target\":[\"https:\/\/www.abusizz.ch\/mein-konto\/\"]}]},{\"@type\":\"BreadcrumbList\",\"@id\":\"https:\/\/www.abusizz.ch\/mein-konto\/#breadcrumb\",\"itemListElement\":[{\"@type\":\"ListItem\",\"position\":1,\"name\":\"Home\",\"item\":\"https:\/\/www.abusizz.ch\/\"},{\"@type\":\"ListItem\",\"position\":2,\"name\":\"Mein Konto\"}]},{\"@type\":\"WebSite\",\"@id\":\"https:\/\/www.abusizz.ch\/#website\",\"url\":\"https:\/\/www.abusizz.ch\/\",\"name\":\"ABUSIZZ - Lamp+\",\"description\":\"L\u00f6sungen f\u00fcr face to face Meetings\",\"publisher\":{\"@id\":\"https:\/\/www.abusizz.ch\/#organization\"},\"potentialAction\":[{\"@type\":\"SearchAction\",\"target\":{\"@type\":\"EntryPoint\",\"urlTemplate\":\"https:\/\/www.abusizz.ch\/?s={search_term_string}\"},\"query-input\":{\"@type\":\"PropertyValueSpecification\",\"valueRequired\":true,\"valueName\":\"search_term_string\"}}],\"inLanguage\":\"en-GB\"},{\"@type\":\"Organization\",\"@id\":\"https:\/\/www.abusizz.ch\/#organization\",\"name\":\"ABUSIZZ AG\",\"url\":\"https:\/\/www.abusizz.ch\/\",\"logo\":{\"@type\":\"ImageObject\",\"inLanguage\":\"en-GB\",\"@id\":\"https:\/\/www.abusizz.ch\/#\/schema\/logo\/image\/\",\"url\":\"https:\/\/www.abusizz.ch\/wp-content\/uploads\/2019\/07\/Schriftzug.png\",\"contentUrl\":\"https:\/\/www.abusizz.ch\/wp-content\/uploads\/2019\/07\/Schriftzug.png\",\"width\":288,\"height\":78,\"caption\":\"ABUSIZZ AG\"},\"image\":{\"@id\":\"https:\/\/www.abusizz.ch\/#\/schema\/logo\/image\/\"}}]}<\/script>\n<!-- \/ Yoast SEO plugin. -->","yoast_head_json":{"title":"My Account | ABUSIZZ - Lamp+","robots":{"index":"index","follow":"follow","max-snippet":"max-snippet:-1","max-image-preview":"max-image-preview:large","max-video-preview":"max-video-preview:-1"},"canonical":"https:\/\/www.abusizz.ch\/en\/my-account\/","og_locale":"en_GB","og_type":"article","og_title":"Mein Konto | ABUSIZZ - Lamp+","og_description":"\u00dcbersicht Bestellungen Adressen Zahlungsmethoden Kontodetails Support Tickets Abmelden \u00dcbersicht Bestellungen Adressen Zahlungsmethoden Kontodetails Support Tickets Abmelden \u00dcbersicht Bestellungen Adressen Zahlungsmethoden Kontodetails Support Tickets Abmelden \u00dcbersicht Bestellungen Adressen Zahlungsmethoden Kontodetails Support Tickets Abmelden Hallo Andreas Sansano (nicht Andreas Sansano? Abmelden) In deiner Konto-\u00dcbersicht kannst du deine letzten Bestellungen ansehen, deine Liefer- und Rechnungsadresse verwalten und dein [&hellip;]","og_url":"https:\/\/www.abusizz.ch\/en\/my-account\/","og_site_name":"ABUSIZZ - Lamp+","article_modified_time":"2023-09-27T14:07:01+00:00","og_image":[{"width":1269,"height":1522,"url":"https:\/\/www.abusizz.ch\/wp-content\/uploads\/2019\/07\/Icon-schwarz.png","type":"image\/png"}],"twitter_card":"summary_large_image","twitter_misc":{"Estimated reading time":"1 minute"},"schema":{"@context":"https:\/\/schema.org","@graph":[{"@type":"WebPage","@id":"https:\/\/www.abusizz.ch\/mein-konto\/","url":"https:\/\/www.abusizz.ch\/mein-konto\/","name":"My Account | ABUSIZZ - Lamp+","isPartOf":{"@id":"https:\/\/www.abusizz.ch\/#website"},"datePublished":"2021-07-20T15:31:39+00:00","dateModified":"2023-09-27T14:07:01+00:00","breadcrumb":{"@id":"https:\/\/www.abusizz.ch\/mein-konto\/#breadcrumb"},"inLanguage":"en-GB","potentialAction":[{"@type":"ReadAction","target":["https:\/\/www.abusizz.ch\/mein-konto\/"]}]},{"@type":"BreadcrumbList","@id":"https:\/\/www.abusizz.ch\/mein-konto\/#breadcrumb","itemListElement":[{"@type":"ListItem","position":1,"name":"Home","item":"https:\/\/www.abusizz.ch\/"},{"@type":"ListItem","position":2,"name":"Mein Konto"}]},{"@type":"WebSite","@id":"https:\/\/www.abusizz.ch\/#website","url":"https:\/\/www.abusizz.ch\/","name":"ABUSIZZ-Lamp+","description":"Solutions for face to face meetings","publisher":{"@id":"https:\/\/www.abusizz.ch\/#organization"},"potentialAction":[{"@type":"SearchAction","target":{"@type":"EntryPoint","urlTemplate":"https:\/\/www.abusizz.ch\/?s={search_term_string}"},"query-input":{"@type":"PropertyValueSpecification","valueRequired":true,"valueName":"search_term_string"}}],"inLanguage":"en-GB"},{"@type":"Organization","@id":"https:\/\/www.abusizz.ch\/#organization","name":"ABUSIZZ AG","url":"https:\/\/www.abusizz.ch\/","logo":{"@type":"ImageObject","inLanguage":"en-GB","@id":"https:\/\/www.abusizz.ch\/#\/schema\/logo\/image\/","url":"https:\/\/www.abusizz.ch\/wp-content\/uploads\/2019\/07\/Schriftzug.png","contentUrl":"https:\/\/www.abusizz.ch\/wp-content\/uploads\/2019\/07\/Schriftzug.png","width":288,"height":78,"caption":"ABUSIZZ AG"},"image":{"@id":"https:\/\/www.abusizz.ch\/#\/schema\/logo\/image\/"}}]}},"_links":{"self":[{"href":"https:\/\/www.abusizz.ch\/en\/wp-json\/wp\/v2\/pages\/5101","targetHints":{"allow":["GET"]}}],"collection":[{"href":"https:\/\/www.abusizz.ch\/en\/wp-json\/wp\/v2\/pages"}],"about":[{"href":"https:\/\/www.abusizz.ch\/en\/wp-json\/wp\/v2\/types\/page"}],"author":[{"embeddable":true,"href":"https:\/\/www.abusizz.ch\/en\/wp-json\/wp\/v2\/users\/29"}],"replies":[{"embeddable":true,"href":"https:\/\/www.abusizz.ch\/en\/wp-json\/wp\/v2\/comments?post=5101"}],"version-history":[{"count":10,"href":"https:\/\/www.abusizz.ch\/en\/wp-json\/wp\/v2\/pages\/5101\/revisions"}],"predecessor-version":[{"id":11082,"href":"https:\/\/www.abusizz.ch\/en\/wp-json\/wp\/v2\/pages\/5101\/revisions\/11082"}],"wp:attachment":[{"href":"https:\/\/www.abusizz.ch\/en\/wp-json\/wp\/v2\/media?parent=5101"}],"curies":[{"name":"wp","href":"https:\/\/api.w.org\/{rel}","templated":true}]}}